{"id":8322,"date":"2026-02-24T14:38:08","date_gmt":"2026-02-24T14:38:08","guid":{"rendered":"https:\/\/silentfilm.de\/?page_id=8322"},"modified":"2026-02-25T08:21:15","modified_gmt":"2026-02-25T08:21:15","slug":"wissenschaftskommunikation","status":"publish","type":"page","link":"https:\/\/silentfilm.de\/en\/wissenschaftskommunikation\/","title":{"rendered":"Arbeit f\u00fcr IPN und CAU Kiel"},"content":{"rendered":"<div data-elementor-type=\"wp-page\" data-elementor-id=\"8322\" class=\"elementor elementor-8322\">\n\t\t\t\t\t\t<div class=\"elementor-inner\">\n\t\t\t\t<div class=\"elementor-section-wrap\">\n\t\t\t\t\t\t\t\t\t<section class=\"elementor-section elementor-top-section elementor-element elementor-element-cffdd76 elementor-section-height-min-height elementor-section-boxed elementor-section-height-default elementor-section-items-middle\" data-id=\"cffdd76\" data-element_type=\"section\" data-settings=\"{&quot;background_background&quot;:&quot;classic&quot;}\">\n\t\t\t\t\t\t\t<div class=\"elementor-background-overlay\"><\/div>\n\t\t\t\t\t\t\t<div class=\"elementor-container elementor-column-gap-default\">\n\t\t\t\t\t\t\t<div class=\"elementor-row\">\n\t\t\t\t\t<div class=\"elementor-column elementor-col-100 elementor-top-column elementor-element elementor-element-3227660\" data-id=\"3227660\" data-element_type=\"column\">\n\t\t\t<div class=\"elementor-column-wrap elementor-element-populated\">\n\t\t\t\t\t\t\t<div class=\"elementor-widget-wrap\">\n\t\t\t\t\t\t<div class=\"elementor-element elementor-element-b2ff830 elementor-widget elementor-widget-heading\" data-id=\"b2ff830\" data-element_type=\"widget\" data-widget_type=\"heading.default\">\n\t\t\t\t<div class=\"elementor-widget-container\">\n\t\t\t<h1 class=\"elementor-heading-title elementor-size-xxl\">WORK FOR IPN and Kiel University<\/h1>\t\t<\/div>\n\t\t\t\t<\/div>\n\t\t\t\t\t\t<\/div>\n\t\t\t\t\t<\/div>\n\t\t<\/div>\n\t\t\t\t\t\t\t\t<\/div>\n\t\t\t\t\t<\/div>\n\t\t<\/section>\n\t\t\t\t<section class=\"elementor-section elementor-top-section elementor-element elementor-element-0e673c8 elementor-section-boxed elementor-section-height-default elementor-section-height-default\" data-id=\"0e673c8\" data-element_type=\"section\">\n\t\t\t\t\t\t<div class=\"elementor-container elementor-column-gap-default\">\n\t\t\t\t\t\t\t<div class=\"elementor-row\">\n\t\t\t\t\t<div class=\"elementor-column elementor-col-50 elementor-top-column elementor-element elementor-element-eb8ec9b\" data-id=\"eb8ec9b\" data-element_type=\"column\">\n\t\t\t<div class=\"elementor-column-wrap elementor-element-populated\">\n\t\t\t\t\t\t\t<div class=\"elementor-widget-wrap\">\n\t\t\t\t\t\t<div class=\"elementor-element elementor-element-e979041 elementor-widget elementor-widget-text-editor\" data-id=\"e979041\" data-element_type=\"widget\" data-widget_type=\"text-editor.default\">\n\t\t\t\t<div class=\"elementor-widget-container\">\n\t\t\t\t\t\t\t\t<div class=\"elementor-text-editor elementor-clearfix\">\n\t\t\t\t<div><div><h3>COOPERATION<\/h3><\/div><p class=\"translation-block\">For eight years, we have been working on a wide variety of film projects for both Christian Albrecht University and the Leibniz Institute for Science Education in Kiel. It all started with a film about teacher training at CAU, which aimed to provide a fresh and relaxed insight into teacher training at the university.  We fell in love with Kiel \u2013 and our love was reciprocated. Since then, in addition to several conference films (e.g. for QuaMath), our film production company has shot a recruitment-oriented image film for the IPN, an introductory film for a new field of study at the CAU, a semi-documentary accompanying the Science Olympiad 2025 and, most recently, a short film for the 60th anniversary of the IPN. The entire spectrum of our cinematic work in science communication.<\/p><div><h3>SCIENCE OLYMPIAD<\/h3><\/div><p>The Science Olympiads bring young people together and inspire them to take an interest in science. The IPN organises six competitions here, including the Federal Environment Competition and the International Physics Olympiad. In 2025, we produced an accompanying film for the Youth Science Olympiad. The particular challenge was to get as close as possible to the students on film without disturbing them as they worked on their tasks. This is a task we are very familiar with from our documentary work. Despite the complex programme, we found many small \u2018time islands\u2019 where we could produce interviews or initiate situations. It was particularly important to us to have uncomplicated contact with the young participants \u2013 on an equal footing.<\/p><\/div>\t\t\t\t\t<\/div>\n\t\t\t\t\t\t<\/div>\n\t\t\t\t<\/div>\n\t\t\t\t\t\t<\/div>\n\t\t\t\t\t<\/div>\n\t\t<\/div>\n\t\t\t\t<div class=\"elementor-column elementor-col-50 elementor-top-column elementor-element elementor-element-ea5e6bd\" data-id=\"ea5e6bd\" data-element_type=\"column\">\n\t\t\t<div class=\"elementor-column-wrap elementor-element-populated\">\n\t\t\t\t\t\t\t<div class=\"elementor-widget-wrap\">\n\t\t\t\t\t\t<div class=\"elementor-element elementor-element-c82f5f9 elementor-widget elementor-widget-text-editor\" data-id=\"c82f5f9\" data-element_type=\"widget\" data-widget_type=\"text-editor.default\">\n\t\t\t\t<div class=\"elementor-widget-container\">\n\t\t\t\t\t\t\t\t<div class=\"elementor-text-editor elementor-clearfix\">\n\t\t\t\t<div class=\"fw-heading\">\n<div class=\"fw-heading\">\n<h3 class=\"fw-special-title\">IMAGEFILMS IPN<\/h3>\n<\/div>\n<p>Films, especially at institutes and universities, are always \u2018political matters\u2019 \u2013 in which, for example, it can be important to give equal consideration to different areas of research. This sometimes leads to particular challenges for us as a film production company!<\/p>\n<p>In 2023, we were grateful for the opportunity to produce a promotional film for the IPN that focused on the working atmosphere at the IPN \u2013 and to find images that captured the special quality of life that Kiel offers. More than 15 people to introduce, at least as many locations to film \u2013 and all in 4 minutes?&nbsp;<\/p>\n<p>Our idea was to visually merge the rooms, make cuts invisible and thereby bring tension to the film. But the most important thing \u2013 and in the age of AI, we consider this to be crucial \u2013 was an aesthetically relaxed approach. Naturalness and atmosphere were explicitly more important than an advertising aesthetic \u2013 after all, the video aims to recruit new employees for the IPN.<\/p>\n<p>In spring 2026, we had the pleasure of producing a completely different image film for the IPN: to mark its 60th anniversary, we were asked to create a short presentation of the institute and the importance of research in the field of science education in just over two minutes. This gave us the opportunity to combine the material shot over two days of filming with animated sequences and blend it aesthetically using a classic voiceover. We are very grateful for the many years of collaboration and hope that, despite all the budget cuts, we will still be able to film in Kiel often.<\/p><p><br><\/p>\n<\/div>\t\t\t\t\t<\/div>\n\t\t\t\t\t\t<\/div>\n\t\t\t\t<\/div>\n\t\t\t\t\t\t<\/div>\n\t\t\t\t\t<\/div>\n\t\t<\/div>\n\t\t\t\t\t\t\t\t<\/div>\n\t\t\t\t\t<\/div>\n\t\t<\/section>\n\t\t\t\t<section class=\"elementor-section elementor-top-section elementor-element elementor-element-2293ea4 elementor-section-boxed elementor-section-height-default elementor-section-height-default\" data-id=\"2293ea4\" data-element_type=\"section\">\n\t\t\t\t\t\t<div class=\"elementor-container elementor-column-gap-default\">\n\t\t\t\t\t\t\t<div class=\"elementor-row\">\n\t\t\t\t\t<div class=\"elementor-column elementor-col-100 elementor-top-column elementor-element elementor-element-396e71e\" data-id=\"396e71e\" data-element_type=\"column\">\n\t\t\t<div class=\"elementor-column-wrap elementor-element-populated\">\n\t\t\t\t\t\t\t<div class=\"elementor-widget-wrap\">\n\t\t\t\t\t\t<div class=\"elementor-element elementor-element-1a0c810 elementor-align-center elementor-widget elementor-widget-button\" data-id=\"1a0c810\" data-element_type=\"widget\" data-widget_type=\"button.default\">\n\t\t\t\t<div class=\"elementor-widget-container\">\n\t\t\t\t\t<div class=\"elementor-button-wrapper\">\n\t\t\t<a href=\"https:\/\/silentfilm.de\/en\/\" class=\"elementor-button-link elementor-button elementor-size-sm elementor-animation-grow\" role=\"button\">\n\t\t\t\t\t\t<span class=\"elementor-button-content-wrapper\">\n\t\t\t\t\t\t<span class=\"elementor-button-text\">HOME<\/span>\n\t\t<\/span>\n\t\t\t\t\t<\/a>\n\t\t<\/div>\n\t\t\t\t<\/div>\n\t\t\t\t<\/div>\n\t\t\t\t\t\t<\/div>\n\t\t\t\t\t<\/div>\n\t\t<\/div>\n\t\t\t\t\t\t\t\t<\/div>\n\t\t\t\t\t<\/div>\n\t\t<\/section>\n\t\t\t\t<section class=\"elementor-section elementor-top-section elementor-element elementor-element-d31603e elementor-section-height-min-height elementor-section-boxed elementor-section-height-default elementor-section-items-middle\" data-id=\"d31603e\" data-element_type=\"section\" data-settings=\"{&quot;background_background&quot;:&quot;classic&quot;}\">\n\t\t\t\t\t\t\t<div class=\"elementor-background-overlay\"><\/div>\n\t\t\t\t\t\t\t<div class=\"elementor-container elementor-column-gap-default\">\n\t\t\t\t\t\t\t<div class=\"elementor-row\">\n\t\t\t\t\t<div class=\"elementor-column elementor-col-100 elementor-top-column elementor-element elementor-element-919b75b\" data-id=\"919b75b\" data-element_type=\"column\">\n\t\t\t<div class=\"elementor-column-wrap elementor-element-populated\">\n\t\t\t\t\t\t\t<div class=\"elementor-widget-wrap\">\n\t\t\t\t\t\t<div class=\"elementor-element elementor-element-a5f0bbc elementor-align-center elementor-widget__width-initial elementor-widget elementor-widget-button\" data-id=\"a5f0bbc\" data-element_type=\"widget\" data-widget_type=\"button.default\">\n\t\t\t\t<div class=\"elementor-widget-container\">\n\t\t\t\t\t<div class=\"elementor-button-wrapper\">\n\t\t\t<a href=\"https:\/\/www.youtube.com\/watch?v=t58YzgHjnd8&#038;t=10s\" class=\"elementor-button-link elementor-button elementor-size-sm elementor-animation-grow\" role=\"button\" id=\"my-button\">\n\t\t\t\t\t\t<span class=\"elementor-button-content-wrapper\">\n\t\t\t\t\t\t<span class=\"elementor-button-text\">Science Olympiad<\/span>\n\t\t<\/span>\n\t\t\t\t\t<\/a>\n\t\t<\/div>\n\t\t\t\t<\/div>\n\t\t\t\t<\/div>\n\t\t\t\t<div class=\"elementor-element elementor-element-5c24f66 elementor-align-center elementor-widget__width-initial elementor-widget elementor-widget-button\" data-id=\"5c24f66\" data-element_type=\"widget\" data-widget_type=\"button.default\">\n\t\t\t\t<div class=\"elementor-widget-container\">\n\t\t\t\t\t<div class=\"elementor-button-wrapper\">\n\t\t\t<a href=\"https:\/\/vimeo.com\/152718106\" class=\"elementor-button-link elementor-button elementor-size-sm elementor-animation-grow\" role=\"button\" id=\"my-button\">\n\t\t\t\t\t\t<span class=\"elementor-button-content-wrapper\">\n\t\t\t\t\t\t<span class=\"elementor-button-text\">Jubil\u00e4umsfilm IPN<\/span>\n\t\t<\/span>\n\t\t\t\t\t<\/a>\n\t\t<\/div>\n\t\t\t\t<\/div>\n\t\t\t\t<\/div>\n\t\t\t\t<div class=\"elementor-element elementor-element-9ec45fb elementor-align-center elementor-widget__width-initial elementor-widget elementor-widget-button\" data-id=\"9ec45fb\" data-element_type=\"widget\" data-widget_type=\"button.default\">\n\t\t\t\t<div class=\"elementor-widget-container\">\n\t\t\t\t\t<div class=\"elementor-button-wrapper\">\n\t\t\t<a href=\"https:\/\/www.youtube.com\/watch?v=I06DGxDR5uI\" class=\"elementor-button-link elementor-button elementor-size-sm elementor-animation-grow\" role=\"button\" id=\"my-button\">\n\t\t\t\t\t\t<span class=\"elementor-button-content-wrapper\">\n\t\t\t\t\t\t<span class=\"elementor-button-text\">Teacher training at CAU<\/span>\n\t\t<\/span>\n\t\t\t\t\t<\/a>\n\t\t<\/div>\n\t\t\t\t<\/div>\n\t\t\t\t<\/div>\n\t\t\t\t<div class=\"elementor-element elementor-element-ece5437 elementor-align-center elementor-widget__width-initial elementor-widget elementor-widget-button\" data-id=\"ece5437\" data-element_type=\"widget\" data-widget_type=\"button.default\">\n\t\t\t\t<div class=\"elementor-widget-container\">\n\t\t\t\t\t<div class=\"elementor-button-wrapper\">\n\t\t\t<a href=\"https:\/\/www.youtube.com\/watch?v=tCjRx6wMw18&#038;t=5s\" class=\"elementor-button-link elementor-button elementor-size-sm elementor-animation-grow\" role=\"button\" id=\"my-button\">\n\t\t\t\t\t\t<span class=\"elementor-button-content-wrapper\">\n\t\t\t\t\t\t<span class=\"elementor-button-text\">Recruiting IPN<\/span>\n\t\t<\/span>\n\t\t\t\t\t<\/a>\n\t\t<\/div>\n\t\t\t\t<\/div>\n\t\t\t\t<\/div>\n\t\t\t\t\t\t<\/div>\n\t\t\t\t\t<\/div>\n\t\t<\/div>\n\t\t\t\t\t\t\t\t<\/div>\n\t\t\t\t\t<\/div>\n\t\t<\/section>\n\t\t\t\t<section class=\"elementor-section elementor-top-section elementor-element elementor-element-42b79ab6 elementor-section-boxed elementor-section-height-default elementor-section-height-default\" data-id=\"42b79ab6\" data-element_type=\"section\">\n\t\t\t\t\t\t<div class=\"elementor-container elementor-column-gap-default\">\n\t\t\t\t\t\t\t<div class=\"elementor-row\">\n\t\t\t\t\t\t\t\t\t<\/div>\n\t\t\t\t\t<\/div>\n\t\t<\/section>\n\t\t\t\t\t\t\t\t\t<\/div>\n\t\t\t<\/div>\n\t\t\t\t\t<\/div>","protected":false},"excerpt":{"rendered":"<p>ARBEIT F\u00dcR IPN und CAU Kiel ZUSAMMENARBEIT Seit 8 Jahren machen wir sowohl f\u00fcr die Christian Albrechts Universit\u00e4t wie auch f\u00fcr das Leibniz Institut f\u00fcr die P\u00e4dagogik der Naturwissenschaften in Kiel die verschiedensten filmischen Projekte. Angefangen hat alles mit einem Film zur Lehrer:innenbildung an der CAU, bei dem es darum ging, m\u00f6glichst frisch und unverkrampft einen Einblick in das Lehramtsstudium [&hellip;]<\/p>\n","protected":false},"author":2,"featured_media":0,"parent":0,"menu_order":0,"comment_status":"closed","ping_status":"closed","template":"page-templates\/full-width-no-title.php","meta":{"_exactmetrics_skip_tracking":false,"_exactmetrics_sitenote_active":false,"_exactmetrics_sitenote_note":"","_exactmetrics_sitenote_category":0,"footnotes":""},"class_list":["post-8322","page","type-page","status-publish","hentry"],"_links":{"self":[{"href":"https:\/\/silentfilm.de\/en\/wp-json\/wp\/v2\/pages\/8322","targetHints":{"allow":["GET"]}}],"collection":[{"href":"https:\/\/silentfilm.de\/en\/wp-json\/wp\/v2\/pages"}],"about":[{"href":"https:\/\/silentfilm.de\/en\/wp-json\/wp\/v2\/types\/page"}],"author":[{"embeddable":true,"href":"https:\/\/silentfilm.de\/en\/wp-json\/wp\/v2\/users\/2"}],"replies":[{"embeddable":true,"href":"https:\/\/silentfilm.de\/en\/wp-json\/wp\/v2\/comments?post=8322"}],"version-history":[{"count":20,"href":"https:\/\/silentfilm.de\/en\/wp-json\/wp\/v2\/pages\/8322\/revisions"}],"predecessor-version":[{"id":8377,"href":"https:\/\/silentfilm.de\/en\/wp-json\/wp\/v2\/pages\/8322\/revisions\/8377"}],"wp:attachment":[{"href":"https:\/\/silentfilm.de\/en\/wp-json\/wp\/v2\/media?parent=8322"}],"curies":[{"name":"wp","href":"https:\/\/api.w.org\/{rel}","templated":true}]}}