{"id":7882,"date":"2023-05-25T11:13:54","date_gmt":"2023-05-25T11:13:54","guid":{"rendered":"https:\/\/silentfilm.de\/?page_id=7882"},"modified":"2026-02-24T10:47:59","modified_gmt":"2026-02-24T10:47:59","slug":"wissenschaftskommunikation-3","status":"publish","type":"page","link":"https:\/\/silentfilm.de\/en\/wissenschaftskommunikation-3\/","title":{"rendered":"wissenausberlin"},"content":{"rendered":"<div data-elementor-type=\"wp-page\" data-elementor-id=\"7882\" class=\"elementor elementor-7882\">\n\t\t\t\t\t\t<div class=\"elementor-inner\">\n\t\t\t\t<div class=\"elementor-section-wrap\">\n\t\t\t\t\t\t\t\t\t<section class=\"elementor-section elementor-top-section elementor-element elementor-element-60afd2d elementor-section-height-min-height elementor-section-full_width elementor-section-stretched elementor-section-height-default elementor-section-items-middle\" data-id=\"60afd2d\" data-element_type=\"section\" data-settings=\"{&quot;background_background&quot;:&quot;classic&quot;,&quot;stretch_section&quot;:&quot;section-stretched&quot;}\">\n\t\t\t\t\t\t\t<div class=\"elementor-background-overlay\"><\/div>\n\t\t\t\t\t\t\t<div class=\"elementor-container elementor-column-gap-extended\">\n\t\t\t\t\t\t\t<div class=\"elementor-row\">\n\t\t\t\t\t<div class=\"elementor-column elementor-col-100 elementor-top-column elementor-element elementor-element-7bb40f9e\" data-id=\"7bb40f9e\" data-element_type=\"column\">\n\t\t\t<div class=\"elementor-column-wrap elementor-element-populated\">\n\t\t\t\t\t\t\t<div class=\"elementor-widget-wrap\">\n\t\t\t\t\t\t<div class=\"elementor-element elementor-element-1298c96d elementor-widget elementor-widget-heading\" data-id=\"1298c96d\" data-element_type=\"widget\" data-widget_type=\"heading.default\">\n\t\t\t\t<div class=\"elementor-widget-container\">\n\t\t\t<h1 class=\"elementor-heading-title elementor-size-xxl\"><a href=\"https:\/\/www.youtube.com\/@WissenAusBerlin\" target=\"_blank\" rel=\"noopener\">KNOWLEDGE FROM BERLIN <\/a><\/h1>\t\t<\/div>\n\t\t\t\t<\/div>\n\t\t\t\t\t\t<\/div>\n\t\t\t\t\t<\/div>\n\t\t<\/div>\n\t\t\t\t\t\t\t\t<\/div>\n\t\t\t\t\t<\/div>\n\t\t<\/section>\n\t\t\t\t<section class=\"elementor-section elementor-top-section elementor-element elementor-element-fa6a847 elementor-section-boxed elementor-section-height-default elementor-section-height-default\" data-id=\"fa6a847\" data-element_type=\"section\">\n\t\t\t\t\t\t<div class=\"elementor-container elementor-column-gap-default\">\n\t\t\t\t\t\t\t<div class=\"elementor-row\">\n\t\t\t\t\t<div class=\"elementor-column elementor-col-50 elementor-top-column elementor-element elementor-element-11c4e349\" data-id=\"11c4e349\" data-element_type=\"column\">\n\t\t\t<div class=\"elementor-column-wrap elementor-element-populated\">\n\t\t\t\t\t\t\t<div class=\"elementor-widget-wrap\">\n\t\t\t\t\t\t<div class=\"elementor-element elementor-element-6b0dc1a4 elementor-widget elementor-widget-text-editor\" data-id=\"6b0dc1a4\" data-element_type=\"widget\" data-widget_type=\"text-editor.default\">\n\t\t\t\t<div class=\"elementor-widget-container\">\n\t\t\t\t\t\t\t\t<div class=\"elementor-text-editor elementor-clearfix\">\n\t\t\t\t<div>\n<h3>COMPLETE SEASON - KNOWLEDGE FROM BERLIN<\/h3>\n<\/div>\n<p><span style=\"font-weight: 400;\">The task for our film production was to produce the new season of the YouTube series \u201cWissen aus Berlin\u201d 2023 for the Berlin University Alliance, the association of Berlin's largest universities.&nbsp;<\/span><\/p>\n<p class=\"translation-block\">We wanted to break new ground in format development together with the researchers. Our declared aim was to be informative and entertaining and in this way to reach a somewhat larger circle of viewers.<\/p><p><span style=\"color: var(--color__links); font-family: var(--font__headings); font-size: 24px; font-weight: 600;\">SCIENCE COMMUNICATION<\/span><\/p>\n<p><span style=\"font-weight: 400;\">Untold stories lie dormant in all research. Storytelling means passing on knowledge, research findings and experiences in such a way that they are understood, shared and ideally motivate viewers to take action. Stories are good at passing on even very complex knowledge - just think of storytelling research geniuses like Albert Einstein or Stephen Hawking.&nbsp;<\/span><\/p>\n<p><span style=\"font-weight: 400;\">Given the sheer volume of videos on the web - and especially on platforms like Youtube - science communication is finding it increasingly difficult to reach its target audience.<\/span><\/p>\n<p><span style=\"font-weight: 400;\">However, this is important in order to, for example <\/span><b>mobilize a critical mass of viewers or participants for a conference or event - or generate funding<\/b><span style=\"font-weight: 400;\">.&nbsp;<\/span><\/p>\n<div class=\"fw-heading\" style=\"color: #444444;\">\n<h3 class=\"fw-special-title\" style=\"font-family: var(--font__headings);\">WORKSHOP<\/h3>\n<\/div>\n<p style=\"margin-bottom: 28px; color: #444444;\">Eight different research areas - from social sciences to law, around 50 participants - and a multitude of hopes and fears associated with the production of the videos.<\/p>\n<h3 style=\"font-family: var(--font__headings);\"><span style=\"color: #444444; font-family: 'Work Sans', sans-serif; font-size: 16px;\">We think the best way to start a complex film project is with a joint workshop<\/span><span style=\"color: #444444; font-family: 'Work Sans', sans-serif; font-size: 16px; font-weight: 400;\">Sometimes a few hours are enough to clear things up,&nbsp;<\/span><span style=\"color: #444444; font-family: 'Work Sans', sans-serif; font-size: 16px;\"><i>was<\/i><\/span>&nbsp;<span style=\"color: #444444; font-family: 'Work Sans', sans-serif; font-size: 16px;\"><i>wem<\/i><\/span><span style=\"color: #444444; font-family: 'Work Sans', sans-serif; font-size: 16px; font-weight: 400;\">&nbsp;erz\u00e4hlt werden soll &#8211; um&nbsp;<\/span><span style=\"color: #444444; font-family: 'Work Sans', sans-serif; font-size: 16px;\"><i>welche<\/i><\/span><span style=\"color: #444444; font-family: 'Work Sans', sans-serif; font-size: 16px; font-weight: 400;\">&nbsp;Wirkung zu erreichen?<\/span><\/h3>\t\t\t\t\t<\/div>\n\t\t\t\t\t\t<\/div>\n\t\t\t\t<\/div>\n\t\t\t\t\t\t<\/div>\n\t\t\t\t\t<\/div>\n\t\t<\/div>\n\t\t\t\t<div class=\"elementor-column elementor-col-50 elementor-top-column elementor-element elementor-element-30b2f81f\" data-id=\"30b2f81f\" data-element_type=\"column\">\n\t\t\t<div class=\"elementor-column-wrap elementor-element-populated\">\n\t\t\t\t\t\t\t<div class=\"elementor-widget-wrap\">\n\t\t\t\t\t\t<div class=\"elementor-element elementor-element-1965b477 elementor-widget elementor-widget-text-editor\" data-id=\"1965b477\" data-element_type=\"widget\" data-widget_type=\"text-editor.default\">\n\t\t\t\t<div class=\"elementor-widget-container\">\n\t\t\t\t\t\t\t\t<div class=\"elementor-text-editor elementor-clearfix\">\n\t\t\t\t<div><div><h3><span style=\"color: #444444; font-family: 'Work Sans', sans-serif; font-size: 16px; font-weight: 400;\">\u00a0<\/span><span style=\"color: #444444; font-family: 'Work Sans', sans-serif; font-size: 16px; font-weight: 400;\">In a one-day workshop led by us, we explored the question of how narrative, dramaturgical and aesthetic means can be adapted for the individual projects. The most important thing was <\/span><b style=\"color: #444444; font-family: 'Work Sans', sans-serif; font-size: 16px;\">the initiating impulse that came from this workshop<\/b><span style=\"color: #444444; font-family: 'Work Sans', sans-serif; font-size: 16px; font-weight: 400;\"> carried us through the entire film production.<\/span><\/h3><\/div><h3>IMPLEMENTATION<\/h3><p><span style=\"font-weight: 400;\">Knowledge does not emerge in a vacuum, but always starts from concrete research.\u00a0<\/span><\/p><p class=\"translation-block\">In addition to several interviews, the visual integration of the initial situation of each research was the core idea of our implementation. Case studies are often not only more exciting than talking heads, but also have the advantage that they make the relevance of the individual research clear to viewers who are far removed from the research. In a period of about 3 months, eight visually and narratively exciting videos were created in this way - in which sometimes brittle research is told in an entertaining way to appeal to a new audience that has grown up with Netflix.<\/p><h3 style=\"font-family: var(--font__headings);\">SIMILAR PROJECTS<\/h3><p><span style=\"font-weight: 400;\">We enjoy working in the field of science communication, not least because of the teaching and research activities of our Creative Director.<\/span><\/p><p><span style=\"font-weight: 400;\">In recent years, we have produced a wide variety of videos and films for Berlin universities, for the IPN Kiel, the Christian Albrechts University of Kiel, various research institutions and, most recently, for the International Youth Science Olympics.<\/span><\/p><p><b>Whenever possible, we have mixed popular genre forms (reportage, show, contest) with classic science communication.<\/b><\/p><p>We are familiar with the university context, know about the often complex institutional backgrounds of film productions and are happy to help you realize your project at all levels.<\/p><p>Just get in touch with us.\u00a0<\/p><p><span style=\"font-weight: 400;\">\u00a0<\/span><\/p><\/div>\t\t\t\t\t<\/div>\n\t\t\t\t\t\t<\/div>\n\t\t\t\t<\/div>\n\t\t\t\t\t\t<\/div>\n\t\t\t\t\t<\/div>\n\t\t<\/div>\n\t\t\t\t\t\t\t\t<\/div>\n\t\t\t\t\t<\/div>\n\t\t<\/section>\n\t\t\t\t<section class=\"elementor-section elementor-top-section elementor-element elementor-element-6b881abe elementor-section-boxed elementor-section-height-default elementor-section-height-default\" data-id=\"6b881abe\" data-element_type=\"section\">\n\t\t\t\t\t\t<div class=\"elementor-container elementor-column-gap-default\">\n\t\t\t\t\t\t\t<div class=\"elementor-row\">\n\t\t\t\t\t<div class=\"elementor-column elementor-col-100 elementor-top-column elementor-element elementor-element-4fa9cdc2\" data-id=\"4fa9cdc2\" data-element_type=\"column\">\n\t\t\t<div class=\"elementor-column-wrap elementor-element-populated\">\n\t\t\t\t\t\t\t<div class=\"elementor-widget-wrap\">\n\t\t\t\t\t\t<div class=\"elementor-element elementor-element-3e1f2f13 elementor-align-center elementor-widget elementor-widget-button\" data-id=\"3e1f2f13\" data-element_type=\"widget\" data-widget_type=\"button.default\">\n\t\t\t\t<div class=\"elementor-widget-container\">\n\t\t\t\t\t<div class=\"elementor-button-wrapper\">\n\t\t\t<a href=\"https:\/\/silentfilm.de\/en\/\" class=\"elementor-button-link elementor-button elementor-size-sm elementor-animation-grow\" role=\"button\">\n\t\t\t\t\t\t<span class=\"elementor-button-content-wrapper\">\n\t\t\t\t\t\t<span class=\"elementor-button-text\">HOME<\/span>\n\t\t<\/span>\n\t\t\t\t\t<\/a>\n\t\t<\/div>\n\t\t\t\t<\/div>\n\t\t\t\t<\/div>\n\t\t\t\t\t\t<\/div>\n\t\t\t\t\t<\/div>\n\t\t<\/div>\n\t\t\t\t\t\t\t\t<\/div>\n\t\t\t\t\t<\/div>\n\t\t<\/section>\n\t\t\t\t<section class=\"elementor-section elementor-top-section elementor-element elementor-element-3ce173f3 elementor-section-height-min-height elementor-section-full_width elementor-section-stretched elementor-section-height-default elementor-section-items-middle\" data-id=\"3ce173f3\" data-element_type=\"section\" data-settings=\"{&quot;background_background&quot;:&quot;classic&quot;,&quot;stretch_section&quot;:&quot;section-stretched&quot;}\">\n\t\t\t\t\t\t\t<div class=\"elementor-background-overlay\"><\/div>\n\t\t\t\t\t\t\t<div class=\"elementor-container elementor-column-gap-extended\">\n\t\t\t\t\t\t\t<div class=\"elementor-row\">\n\t\t\t\t\t<div class=\"elementor-column elementor-col-100 elementor-top-column elementor-element elementor-element-7ce5b658\" data-id=\"7ce5b658\" data-element_type=\"column\">\n\t\t\t<div class=\"elementor-column-wrap elementor-element-populated\">\n\t\t\t\t\t\t\t<div class=\"elementor-widget-wrap\">\n\t\t\t\t\t\t<div class=\"elementor-element elementor-element-20af4a0c elementor-align-center elementor-widget elementor-widget-button\" data-id=\"20af4a0c\" data-element_type=\"widget\" data-widget_type=\"button.default\">\n\t\t\t\t<div class=\"elementor-widget-container\">\n\t\t\t\t\t<div class=\"elementor-button-wrapper\">\n\t\t\t<a href=\"https:\/\/www.youtube.com\/c\/wissenausberlin\" class=\"elementor-button-link elementor-button elementor-size-sm elementor-animation-grow\" role=\"button\" id=\"my-button\">\n\t\t\t\t\t\t<span class=\"elementor-button-content-wrapper\">\n\t\t\t\t\t\t<span class=\"elementor-button-text\">YOUTUBE CHANNEL<\/span>\n\t\t<\/span>\n\t\t\t\t\t<\/a>\n\t\t<\/div>\n\t\t\t\t<\/div>\n\t\t\t\t<\/div>\n\t\t\t\t\t\t<\/div>\n\t\t\t\t\t<\/div>\n\t\t<\/div>\n\t\t\t\t\t\t\t\t<\/div>\n\t\t\t\t\t<\/div>\n\t\t<\/section>\n\t\t\t\t<section class=\"elementor-section elementor-top-section elementor-element elementor-element-247a5ab2 elementor-section-boxed elementor-section-height-default elementor-section-height-default\" data-id=\"247a5ab2\" data-element_type=\"section\">\n\t\t\t\t\t\t<div class=\"elementor-container elementor-column-gap-default\">\n\t\t\t\t\t\t\t<div class=\"elementor-row\">\n\t\t\t\t\t\t\t\t\t<\/div>\n\t\t\t\t\t<\/div>\n\t\t<\/section>\n\t\t\t\t\t\t\t\t\t<\/div>\n\t\t\t<\/div>\n\t\t\t\t\t<\/div>","protected":false},"excerpt":{"rendered":"<p>BUA &#8211; WISSEN AUS BERLIN STAFFEL WISSEN AUS BERLIN Aufgabe f\u00fcr unsere Filmproduktion war es, f\u00fcr die Berlin University Alliance, den Zusammenschluss der gr\u00f6\u00dften Berliner Universit\u00e4ten, die neue Staffel der Youtube Serie\u00a0 \u201cWissen aus Berlin\u201d 2023 zu produzieren. Wir wollten neue Wege in der Formatentwicklung gemeinsam mit den Forschenden gehen. Unser erkl\u00e4rtes Ziel war es, informativ und unterhaltsam zu sein [&hellip;]<\/p>\n","protected":false},"author":2,"featured_media":0,"parent":0,"menu_order":0,"comment_status":"closed","ping_status":"closed","template":"","meta":{"_exactmetrics_skip_tracking":false,"_exactmetrics_sitenote_active":false,"_exactmetrics_sitenote_note":"","_exactmetrics_sitenote_category":0,"footnotes":""},"class_list":["post-7882","page","type-page","status-publish","hentry"],"_links":{"self":[{"href":"https:\/\/silentfilm.de\/en\/wp-json\/wp\/v2\/pages\/7882","targetHints":{"allow":["GET"]}}],"collection":[{"href":"https:\/\/silentfilm.de\/en\/wp-json\/wp\/v2\/pages"}],"about":[{"href":"https:\/\/silentfilm.de\/en\/wp-json\/wp\/v2\/types\/page"}],"author":[{"embeddable":true,"href":"https:\/\/silentfilm.de\/en\/wp-json\/wp\/v2\/users\/2"}],"replies":[{"embeddable":true,"href":"https:\/\/silentfilm.de\/en\/wp-json\/wp\/v2\/comments?post=7882"}],"version-history":[{"count":21,"href":"https:\/\/silentfilm.de\/en\/wp-json\/wp\/v2\/pages\/7882\/revisions"}],"predecessor-version":[{"id":8314,"href":"https:\/\/silentfilm.de\/en\/wp-json\/wp\/v2\/pages\/7882\/revisions\/8314"}],"wp:attachment":[{"href":"https:\/\/silentfilm.de\/en\/wp-json\/wp\/v2\/media?parent=7882"}],"curies":[{"name":"wp","href":"https:\/\/api.w.org\/{rel}","templated":true}]}}