{"id":3444,"date":"2022-12-13T22:51:39","date_gmt":"2022-12-13T22:51:39","guid":{"rendered":"https:\/\/silentfilm.de\/?page_id=3444"},"modified":"2023-01-17T11:13:34","modified_gmt":"2023-01-17T11:13:34","slug":"musikvideo-faun","status":"publish","type":"page","link":"https:\/\/silentfilm.de\/en\/musikvideo-faun\/","title":{"rendered":"Musikvideo FAUN"},"content":{"rendered":"<div data-elementor-type=\"wp-page\" data-elementor-id=\"3444\" class=\"elementor elementor-3444\">\n\t\t\t\t\t\t<div class=\"elementor-inner\">\n\t\t\t\t<div class=\"elementor-section-wrap\">\n\t\t\t\t\t\t\t\t\t<section class=\"elementor-section elementor-top-section elementor-element elementor-element-4b591a5 elementor-section-height-min-height elementor-section-boxed elementor-section-height-default elementor-section-items-middle\" data-id=\"4b591a5\" data-element_type=\"section\" data-settings=\"{&quot;background_background&quot;:&quot;classic&quot;}\">\n\t\t\t\t\t\t\t<div class=\"elementor-background-overlay\"><\/div>\n\t\t\t\t\t\t\t<div class=\"elementor-container elementor-column-gap-default\">\n\t\t\t\t\t\t\t<div class=\"elementor-row\">\n\t\t\t\t\t<div class=\"elementor-column elementor-col-100 elementor-top-column elementor-element elementor-element-bb47225\" data-id=\"bb47225\" data-element_type=\"column\">\n\t\t\t<div class=\"elementor-column-wrap elementor-element-populated\">\n\t\t\t\t\t\t\t<div class=\"elementor-widget-wrap\">\n\t\t\t\t\t\t<div class=\"elementor-element elementor-element-0008e87 elementor-widget elementor-widget-heading\" data-id=\"0008e87\" data-element_type=\"widget\" data-widget_type=\"heading.default\">\n\t\t\t\t<div class=\"elementor-widget-container\">\n\t\t\t<h1 class=\"elementor-heading-title elementor-size-xxl\">FAUN | Music Video <\/h1>\t\t<\/div>\n\t\t\t\t<\/div>\n\t\t\t\t\t\t<\/div>\n\t\t\t\t\t<\/div>\n\t\t<\/div>\n\t\t\t\t\t\t\t\t<\/div>\n\t\t\t\t\t<\/div>\n\t\t<\/section>\n\t\t\t\t<section class=\"elementor-section elementor-top-section elementor-element elementor-element-ae2b335 elementor-section-boxed elementor-section-height-default elementor-section-height-default\" data-id=\"ae2b335\" data-element_type=\"section\">\n\t\t\t\t\t\t<div class=\"elementor-container elementor-column-gap-default\">\n\t\t\t\t\t\t\t<div class=\"elementor-row\">\n\t\t\t\t\t<div class=\"elementor-column elementor-col-50 elementor-top-column elementor-element elementor-element-b62ca5a\" data-id=\"b62ca5a\" data-element_type=\"column\">\n\t\t\t<div class=\"elementor-column-wrap elementor-element-populated\">\n\t\t\t\t\t\t\t<div class=\"elementor-widget-wrap\">\n\t\t\t\t\t\t<div class=\"elementor-element elementor-element-d9d3558 elementor-widget elementor-widget-text-editor\" data-id=\"d9d3558\" data-element_type=\"widget\" data-widget_type=\"text-editor.default\">\n\t\t\t\t<div class=\"elementor-widget-container\">\n\t\t\t\t\t\t\t\t<div class=\"elementor-text-editor elementor-clearfix\">\n\t\t\t\t<div class=\"fw-heading\"><div class=\"fw-heading\"><h3 class=\"fw-special-title\">AUSGANGSPUNKT DES PROJEKTES<\/h3><\/div><p>Das Musikvideo f\u00fcr FAUN war unsere sechste Zusammenarbeit mit Electrola \/ UNIVERSAL MUSIC. Die besondere Herausforderung lag darin, einerseits ein Video zu schaffen, das ins\u00a0 bestehende FAUN Universum passt und andererseits eine neue S\u00e4ngerin einzuf\u00fchren.\u00a0 Dazu kam ein enger Zeitrahmen und im Vergleich zum Anspruch (wie &#8222;Game of Thrones&#8220;) ein sehr geringes Budget.<\/p><div class=\"fw-heading\"><h3 class=\"fw-special-title\">OUR APPROACH<\/h3><\/div><p>Schritt f\u00fcr Schritt begannen wir mit der \u00dcbersetzung der Lyrics in Handlung. Die Idee war es, das Musikvideo in Teilen wie Game of Thrones aussehen zu lassen. Doch wie sollte das Budgettechnisch gehen &#8211; einen Look zu erzeugen, der sonst ein Vielfaches kostet?<\/p><p>FAUN ist eine sehr etablierte Band mit einer breiten und treuen Fangemeinde. Unsere Idee war es daher, diese Fans direkt anzusprechen und einzuladen, im &#8222;Kost\u00fcm&#8220; am Dreh teilzunehmen. Parallel dazu machten wir uns auf eine Burgentour durch Sachsen &#8211; und hatten das gro\u00dfe Gl\u00fcck, in der Burg Kriebstein nicht nur den perfekten Ort zu finden &#8211; sondern auch echte FAUN Fans.<\/p><\/div>\t\t\t\t\t<\/div>\n\t\t\t\t\t\t<\/div>\n\t\t\t\t<\/div>\n\t\t\t\t\t\t<\/div>\n\t\t\t\t\t<\/div>\n\t\t<\/div>\n\t\t\t\t<div class=\"elementor-column elementor-col-50 elementor-top-column elementor-element elementor-element-c4fc615\" data-id=\"c4fc615\" data-element_type=\"column\">\n\t\t\t<div class=\"elementor-column-wrap elementor-element-populated\">\n\t\t\t\t\t\t\t<div class=\"elementor-widget-wrap\">\n\t\t\t\t\t\t<div class=\"elementor-element elementor-element-a2f8437 elementor-widget elementor-widget-text-editor\" data-id=\"a2f8437\" data-element_type=\"widget\" data-widget_type=\"text-editor.default\">\n\t\t\t\t<div class=\"elementor-widget-container\">\n\t\t\t\t\t\t\t\t<div class=\"elementor-text-editor elementor-clearfix\">\n\t\t\t\t<div class=\"fw-heading\"><div class=\"fw-heading\"><h3 class=\"fw-special-title\">REALISIERUNG DES MUSIKVIDEOS<\/h3><\/div><p>40 extras in old costumes, a horse, a medieval castle, drone shots, SFX fire and dance. The video for FAUN was a real logistical challenge for our film- and videoproduction. The make-up alone for the entire extras series took hours. In just three days of shooting, we created an imaginary medieval world. This was only possible because of a great community that was palpable from day one.<\/p><p>H\u00f6hepunkt war eine freie Improvisation der Band &#8211; mit wild um sie im Kreis sich bewegenden Fans. \u00dcber drei Millionen Klicks zeigen, dass der Funke da \u00fcbergesprungen ist.<\/p><p>Auf Youtube schrieb Roxanne als Kommentar: &#8222;This video is better than a full-length feature film! What a story! What a song! What voices! Breathtaking.&#8220;<\/p><\/div>\t\t\t\t\t<\/div>\n\t\t\t\t\t\t<\/div>\n\t\t\t\t<\/div>\n\t\t\t\t\t\t<\/div>\n\t\t\t\t\t<\/div>\n\t\t<\/div>\n\t\t\t\t\t\t\t\t<\/div>\n\t\t\t\t\t<\/div>\n\t\t<\/section>\n\t\t\t\t<section class=\"elementor-section elementor-top-section elementor-element elementor-element-cead2ce elementor-section-boxed elementor-section-height-default elementor-section-height-default\" data-id=\"cead2ce\" data-element_type=\"section\">\n\t\t\t\t\t\t<div class=\"elementor-container elementor-column-gap-default\">\n\t\t\t\t\t\t\t<div class=\"elementor-row\">\n\t\t\t\t\t<div class=\"elementor-column elementor-col-100 elementor-top-column elementor-element elementor-element-694d2a8\" data-id=\"694d2a8\" data-element_type=\"column\">\n\t\t\t<div class=\"elementor-column-wrap elementor-element-populated\">\n\t\t\t\t\t\t\t<div class=\"elementor-widget-wrap\">\n\t\t\t\t\t\t<div class=\"elementor-element elementor-element-6dafef9 elementor-align-center elementor-widget elementor-widget-button\" data-id=\"6dafef9\" data-element_type=\"widget\" data-widget_type=\"button.default\">\n\t\t\t\t<div class=\"elementor-widget-container\">\n\t\t\t\t\t<div class=\"elementor-button-wrapper\">\n\t\t\t<a href=\"https:\/\/silentfilm.de\/en\/\" class=\"elementor-button-link elementor-button elementor-size-sm elementor-animation-grow\" role=\"button\">\n\t\t\t\t\t\t<span class=\"elementor-button-content-wrapper\">\n\t\t\t\t\t\t<span class=\"elementor-button-text\">HOME<\/span>\n\t\t<\/span>\n\t\t\t\t\t<\/a>\n\t\t<\/div>\n\t\t\t\t<\/div>\n\t\t\t\t<\/div>\n\t\t\t\t\t\t<\/div>\n\t\t\t\t\t<\/div>\n\t\t<\/div>\n\t\t\t\t\t\t\t\t<\/div>\n\t\t\t\t\t<\/div>\n\t\t<\/section>\n\t\t\t\t<section class=\"elementor-section elementor-top-section elementor-element elementor-element-b1085d7 elementor-section-height-min-height elementor-section-boxed elementor-section-height-default elementor-section-items-middle\" data-id=\"b1085d7\" data-element_type=\"section\" data-settings=\"{&quot;background_background&quot;:&quot;classic&quot;}\">\n\t\t\t\t\t\t\t<div class=\"elementor-background-overlay\"><\/div>\n\t\t\t\t\t\t\t<div class=\"elementor-container elementor-column-gap-default\">\n\t\t\t\t\t\t\t<div class=\"elementor-row\">\n\t\t\t\t\t<div class=\"elementor-column elementor-col-100 elementor-top-column elementor-element elementor-element-5832922\" data-id=\"5832922\" data-element_type=\"column\">\n\t\t\t<div class=\"elementor-column-wrap elementor-element-populated\">\n\t\t\t\t\t\t\t<div class=\"elementor-widget-wrap\">\n\t\t\t\t\t\t<div class=\"elementor-element elementor-element-4280cd5 elementor-align-center elementor-widget elementor-widget-button\" data-id=\"4280cd5\" data-element_type=\"widget\" data-widget_type=\"button.default\">\n\t\t\t\t<div class=\"elementor-widget-container\">\n\t\t\t\t\t<div class=\"elementor-button-wrapper\">\n\t\t\t<a href=\"https:\/\/www.youtube.com\/watch?v=-J4AuEj4zHE&#038;feature=youtu.be\" class=\"elementor-button-link elementor-button elementor-size-sm elementor-animation-grow\" role=\"button\">\n\t\t\t\t\t\t<span class=\"elementor-button-content-wrapper\">\n\t\t\t\t\t\t<span class=\"elementor-button-text\">Musikvideo FAUN <\/span>\n\t\t<\/span>\n\t\t\t\t\t<\/a>\n\t\t<\/div>\n\t\t\t\t<\/div>\n\t\t\t\t<\/div>\n\t\t\t\t\t\t<\/div>\n\t\t\t\t\t<\/div>\n\t\t<\/div>\n\t\t\t\t\t\t\t\t<\/div>\n\t\t\t\t\t<\/div>\n\t\t<\/section>\n\t\t\t\t\t\t\t\t\t<\/div>\n\t\t\t<\/div>\n\t\t\t\t\t<\/div>","protected":false},"excerpt":{"rendered":"<p>FAUN | Music Video AUSGANGSPUNKT DES PROJEKTES Das Musikvideo f\u00fcr FAUN war unsere sechste Zusammenarbeit mit Electrola \/ UNIVERSAL MUSIC. Die besondere Herausforderung lag darin, einerseits ein Video zu schaffen, das ins\u00a0 bestehende FAUN Universum passt und andererseits eine neue S\u00e4ngerin einzuf\u00fchren.\u00a0 Dazu kam ein enger Zeitrahmen und im Vergleich zum Anspruch (wie &#8222;Game of Thrones&#8220;) ein sehr geringes Budget. [&hellip;]<\/p>\n","protected":false},"author":2,"featured_media":0,"parent":0,"menu_order":0,"comment_status":"closed","ping_status":"closed","template":"page-templates\/full-width-no-title.php","meta":{"_exactmetrics_skip_tracking":false,"_exactmetrics_sitenote_active":false,"_exactmetrics_sitenote_note":"","_exactmetrics_sitenote_category":0,"footnotes":""},"class_list":["post-3444","page","type-page","status-publish","hentry"],"_links":{"self":[{"href":"https:\/\/silentfilm.de\/en\/wp-json\/wp\/v2\/pages\/3444","targetHints":{"allow":["GET"]}}],"collection":[{"href":"https:\/\/silentfilm.de\/en\/wp-json\/wp\/v2\/pages"}],"about":[{"href":"https:\/\/silentfilm.de\/en\/wp-json\/wp\/v2\/types\/page"}],"author":[{"embeddable":true,"href":"https:\/\/silentfilm.de\/en\/wp-json\/wp\/v2\/users\/2"}],"replies":[{"embeddable":true,"href":"https:\/\/silentfilm.de\/en\/wp-json\/wp\/v2\/comments?post=3444"}],"version-history":[{"count":29,"href":"https:\/\/silentfilm.de\/en\/wp-json\/wp\/v2\/pages\/3444\/revisions"}],"predecessor-version":[{"id":7630,"href":"https:\/\/silentfilm.de\/en\/wp-json\/wp\/v2\/pages\/3444\/revisions\/7630"}],"wp:attachment":[{"href":"https:\/\/silentfilm.de\/en\/wp-json\/wp\/v2\/media?parent=3444"}],"curies":[{"name":"wp","href":"https:\/\/api.w.org\/{rel}","templated":true}]}}