{"id":3430,"date":"2022-12-13T22:14:11","date_gmt":"2022-12-13T22:14:11","guid":{"rendered":"https:\/\/silentfilm.de\/?page_id=3430"},"modified":"2023-01-17T11:08:40","modified_gmt":"2023-01-17T11:08:40","slug":"imagefilm-le-fruit-noir","status":"publish","type":"page","link":"https:\/\/silentfilm.de\/en\/imagefilm-le-fruit-noir\/","title":{"rendered":"Imagefilm LE FRUIT NOIR"},"content":{"rendered":"<div data-elementor-type=\"wp-page\" data-elementor-id=\"3430\" class=\"elementor elementor-3430\">\n\t\t\t\t\t\t<div class=\"elementor-inner\">\n\t\t\t\t<div class=\"elementor-section-wrap\">\n\t\t\t\t\t\t\t\t\t<section class=\"elementor-section elementor-top-section elementor-element elementor-element-cffdd76 elementor-section-height-min-height elementor-section-boxed elementor-section-height-default elementor-section-items-middle\" data-id=\"cffdd76\" data-element_type=\"section\" data-settings=\"{&quot;background_background&quot;:&quot;classic&quot;}\">\n\t\t\t\t\t\t\t<div class=\"elementor-background-overlay\"><\/div>\n\t\t\t\t\t\t\t<div class=\"elementor-container elementor-column-gap-default\">\n\t\t\t\t\t\t\t<div class=\"elementor-row\">\n\t\t\t\t\t<div class=\"elementor-column elementor-col-100 elementor-top-column elementor-element elementor-element-3227660\" data-id=\"3227660\" data-element_type=\"column\">\n\t\t\t<div class=\"elementor-column-wrap elementor-element-populated\">\n\t\t\t\t\t\t\t<div class=\"elementor-widget-wrap\">\n\t\t\t\t\t\t<div class=\"elementor-element elementor-element-b2ff830 elementor-widget elementor-widget-heading\" data-id=\"b2ff830\" data-element_type=\"widget\" data-widget_type=\"heading.default\">\n\t\t\t\t<div class=\"elementor-widget-container\">\n\t\t\t<h1 class=\"elementor-heading-title elementor-size-xxl\">LE FRUIT NOIR <\/h1>\t\t<\/div>\n\t\t\t\t<\/div>\n\t\t\t\t\t\t<\/div>\n\t\t\t\t\t<\/div>\n\t\t<\/div>\n\t\t\t\t\t\t\t\t<\/div>\n\t\t\t\t\t<\/div>\n\t\t<\/section>\n\t\t\t\t<section class=\"elementor-section elementor-top-section elementor-element elementor-element-0e673c8 elementor-section-boxed elementor-section-height-default elementor-section-height-default\" data-id=\"0e673c8\" data-element_type=\"section\">\n\t\t\t\t\t\t<div class=\"elementor-container elementor-column-gap-default\">\n\t\t\t\t\t\t\t<div class=\"elementor-row\">\n\t\t\t\t\t<div class=\"elementor-column elementor-col-50 elementor-top-column elementor-element elementor-element-eb8ec9b\" data-id=\"eb8ec9b\" data-element_type=\"column\">\n\t\t\t<div class=\"elementor-column-wrap elementor-element-populated\">\n\t\t\t\t\t\t\t<div class=\"elementor-widget-wrap\">\n\t\t\t\t\t\t<div class=\"elementor-element elementor-element-e979041 elementor-widget elementor-widget-text-editor\" data-id=\"e979041\" data-element_type=\"widget\" data-widget_type=\"text-editor.default\">\n\t\t\t\t<div class=\"elementor-widget-container\">\n\t\t\t\t\t\t\t\t<div class=\"elementor-text-editor elementor-clearfix\">\n\t\t\t\t<div class=\"fw-heading\"><div class=\"fw-heading\"><h3 class=\"fw-special-title\">INITIATION OF THE PROJECT<\/h3><\/div><p>The basic idea of the project was to bring sustainability and style together. This has been going on for a long time in the fashion sector, but for broader sections of the population, sustainability often still goes under the heading of \"woollen jumpers\". The idea came from a collaboration with two sustainable fashion labels on the one hand - and Tesla Motors on the other.<\/p><div class=\"fw-heading\"><h3 class=\"fw-special-title\">SYNOPSIS FRUIT NOIR<\/h3><\/div><p>In a cycle of intimacy and escape, a classic cinema hero and a young Japanese woman meet in stylised neo-noir compositions. The secret of the beloved is hidden - like the inside of a dark fruit.<\/p><p>The original inspiration came from the Asian film noir of the late 50s. We didn't want to work with models but with actors:inside A dialogue was written but never spoken; instead we developed a language of gestures and looks. A story about love, secrets and loss.<\/p><p>Not in Tokio, but in Berlin.<\/p><\/div>\t\t\t\t\t<\/div>\n\t\t\t\t\t\t<\/div>\n\t\t\t\t<\/div>\n\t\t\t\t\t\t<\/div>\n\t\t\t\t\t<\/div>\n\t\t<\/div>\n\t\t\t\t<div class=\"elementor-column elementor-col-50 elementor-top-column elementor-element elementor-element-ea5e6bd\" data-id=\"ea5e6bd\" data-element_type=\"column\">\n\t\t\t<div class=\"elementor-column-wrap elementor-element-populated\">\n\t\t\t\t\t\t\t<div class=\"elementor-widget-wrap\">\n\t\t\t\t\t\t<div class=\"elementor-element elementor-element-c82f5f9 elementor-widget elementor-widget-text-editor\" data-id=\"c82f5f9\" data-element_type=\"widget\" data-widget_type=\"text-editor.default\">\n\t\t\t\t<div class=\"elementor-widget-container\">\n\t\t\t\t\t\t\t\t<div class=\"elementor-text-editor elementor-clearfix\">\n\t\t\t\t<div class=\"fw-heading\"><div class=\"fw-heading\"><h3 class=\"fw-special-title\">PROCESS<\/h3><\/div><p>Based on an extensive collection of material we had compiled from images, videos and texts, we decided on a genre film as the formal framework for our project. The rigour of a NEO NOIR film gave our overarching project a firm framework. Three different initial interests wanted to be taken into account. Accompanying the development, we began to develop social media posts for all partners - each of the development phases was to be accompanied in this way. The explicit goal here was not only to attract attention in the professional world through some film awards won, but also to motivate positive social media posts. This worked excellently due to the great success of the film (awards in La Jolla \/USA, BFFF\/D, CANIFF \/ Canada, among others).<\/p><p>Accompanying the film, our film- and videoproduction shot a Making Of Video - as additional video content.<\/p><\/div>\t\t\t\t\t<\/div>\n\t\t\t\t\t\t<\/div>\n\t\t\t\t<\/div>\n\t\t\t\t\t\t<\/div>\n\t\t\t\t\t<\/div>\n\t\t<\/div>\n\t\t\t\t\t\t\t\t<\/div>\n\t\t\t\t\t<\/div>\n\t\t<\/section>\n\t\t\t\t<section class=\"elementor-section elementor-top-section elementor-element elementor-element-2293ea4 elementor-section-boxed elementor-section-height-default elementor-section-height-default\" data-id=\"2293ea4\" data-element_type=\"section\">\n\t\t\t\t\t\t<div class=\"elementor-container elementor-column-gap-default\">\n\t\t\t\t\t\t\t<div class=\"elementor-row\">\n\t\t\t\t\t<div class=\"elementor-column elementor-col-100 elementor-top-column elementor-element elementor-element-396e71e\" data-id=\"396e71e\" data-element_type=\"column\">\n\t\t\t<div class=\"elementor-column-wrap elementor-element-populated\">\n\t\t\t\t\t\t\t<div class=\"elementor-widget-wrap\">\n\t\t\t\t\t\t<div class=\"elementor-element elementor-element-1a0c810 elementor-align-center elementor-widget elementor-widget-button\" data-id=\"1a0c810\" data-element_type=\"widget\" data-widget_type=\"button.default\">\n\t\t\t\t<div class=\"elementor-widget-container\">\n\t\t\t\t\t<div class=\"elementor-button-wrapper\">\n\t\t\t<a href=\"https:\/\/silentfilm.de\/en\/\" class=\"elementor-button-link elementor-button elementor-size-sm elementor-animation-grow\" role=\"button\">\n\t\t\t\t\t\t<span class=\"elementor-button-content-wrapper\">\n\t\t\t\t\t\t<span class=\"elementor-button-text\">HOME<\/span>\n\t\t<\/span>\n\t\t\t\t\t<\/a>\n\t\t<\/div>\n\t\t\t\t<\/div>\n\t\t\t\t<\/div>\n\t\t\t\t\t\t<\/div>\n\t\t\t\t\t<\/div>\n\t\t<\/div>\n\t\t\t\t\t\t\t\t<\/div>\n\t\t\t\t\t<\/div>\n\t\t<\/section>\n\t\t\t\t<section class=\"elementor-section elementor-top-section elementor-element elementor-element-d31603e elementor-section-height-min-height elementor-section-boxed elementor-section-height-default elementor-section-items-middle\" data-id=\"d31603e\" data-element_type=\"section\" data-settings=\"{&quot;background_background&quot;:&quot;classic&quot;}\">\n\t\t\t\t\t\t\t<div class=\"elementor-background-overlay\"><\/div>\n\t\t\t\t\t\t\t<div class=\"elementor-container elementor-column-gap-default\">\n\t\t\t\t\t\t\t<div class=\"elementor-row\">\n\t\t\t\t\t<div class=\"elementor-column elementor-col-100 elementor-top-column elementor-element elementor-element-919b75b\" data-id=\"919b75b\" data-element_type=\"column\">\n\t\t\t<div class=\"elementor-column-wrap elementor-element-populated\">\n\t\t\t\t\t\t\t<div class=\"elementor-widget-wrap\">\n\t\t\t\t\t\t<div class=\"elementor-element elementor-element-a5f0bbc elementor-align-center elementor-widget elementor-widget-button\" data-id=\"a5f0bbc\" data-element_type=\"widget\" data-widget_type=\"button.default\">\n\t\t\t\t<div class=\"elementor-widget-container\">\n\t\t\t\t\t<div class=\"elementor-button-wrapper\">\n\t\t\t<a href=\"https:\/\/vimeo.com\/152718106\" class=\"elementor-button-link elementor-button elementor-size-sm elementor-animation-grow\" role=\"button\" id=\"my-button\">\n\t\t\t\t\t\t<span class=\"elementor-button-content-wrapper\">\n\t\t\t\t\t\t<span class=\"elementor-button-text\">Video LE FRUIT NOIR                    <\/span>\n\t\t<\/span>\n\t\t\t\t\t<\/a>\n\t\t<\/div>\n\t\t\t\t<\/div>\n\t\t\t\t<\/div>\n\t\t\t\t\t\t<\/div>\n\t\t\t\t\t<\/div>\n\t\t<\/div>\n\t\t\t\t\t\t\t\t<\/div>\n\t\t\t\t\t<\/div>\n\t\t<\/section>\n\t\t\t\t<section class=\"elementor-section elementor-top-section elementor-element elementor-element-42b79ab6 elementor-section-boxed elementor-section-height-default elementor-section-height-default\" data-id=\"42b79ab6\" data-element_type=\"section\">\n\t\t\t\t\t\t<div class=\"elementor-container elementor-column-gap-default\">\n\t\t\t\t\t\t\t<div class=\"elementor-row\">\n\t\t\t\t\t\t\t\t\t<\/div>\n\t\t\t\t\t<\/div>\n\t\t<\/section>\n\t\t\t\t\t\t\t\t\t<\/div>\n\t\t\t<\/div>\n\t\t\t\t\t<\/div>","protected":false},"excerpt":{"rendered":"<p>LE FRUIT NOIR INITIATION DES PROJEKTES Grundidee des Projektes war es, Nachhaltigkeit und Style zusammen zu bringen. Im Fashionbereich findet dies schon lange statt, f\u00fcr breitere Bev\u00f6lkerungsschichten l\u00e4uft Nachhaltigkeit jedoch oft noch unter \u201eWollpulli\u201c. Die Idee entstand aus einer Zusammenarbeit mit zwei \u201esustainable\u201c Fashionlabels einerseits \u2013 und Tesla Motors andererseits. SYNOPSIS FRUIT NOIR In einem Zyklus von Intimit\u00e4t und Flucht [&hellip;]<\/p>\n","protected":false},"author":2,"featured_media":0,"parent":0,"menu_order":0,"comment_status":"closed","ping_status":"closed","template":"page-templates\/full-width-no-title.php","meta":{"_exactmetrics_skip_tracking":false,"_exactmetrics_sitenote_active":false,"_exactmetrics_sitenote_note":"","_exactmetrics_sitenote_category":0,"footnotes":""},"class_list":["post-3430","page","type-page","status-publish","hentry"],"_links":{"self":[{"href":"https:\/\/silentfilm.de\/en\/wp-json\/wp\/v2\/pages\/3430","targetHints":{"allow":["GET"]}}],"collection":[{"href":"https:\/\/silentfilm.de\/en\/wp-json\/wp\/v2\/pages"}],"about":[{"href":"https:\/\/silentfilm.de\/en\/wp-json\/wp\/v2\/types\/page"}],"author":[{"embeddable":true,"href":"https:\/\/silentfilm.de\/en\/wp-json\/wp\/v2\/users\/2"}],"replies":[{"embeddable":true,"href":"https:\/\/silentfilm.de\/en\/wp-json\/wp\/v2\/comments?post=3430"}],"version-history":[{"count":27,"href":"https:\/\/silentfilm.de\/en\/wp-json\/wp\/v2\/pages\/3430\/revisions"}],"predecessor-version":[{"id":7845,"href":"https:\/\/silentfilm.de\/en\/wp-json\/wp\/v2\/pages\/3430\/revisions\/7845"}],"wp:attachment":[{"href":"https:\/\/silentfilm.de\/en\/wp-json\/wp\/v2\/media?parent=3430"}],"curies":[{"name":"wp","href":"https:\/\/api.w.org\/{rel}","templated":true}]}}