{"id":3393,"date":"2022-12-13T21:57:49","date_gmt":"2022-12-13T21:57:49","guid":{"rendered":"https:\/\/silentfilm.de\/?page_id=3393"},"modified":"2023-01-17T11:11:32","modified_gmt":"2023-01-17T11:11:32","slug":"erklaerfilm-verein","status":"publish","type":"page","link":"https:\/\/silentfilm.de\/en\/erklaerfilm-verein\/","title":{"rendered":"Erkl\u00e4rfilm Verein"},"content":{"rendered":"<div data-elementor-type=\"wp-page\" data-elementor-id=\"3393\" class=\"elementor elementor-3393\">\n\t\t\t\t\t\t<div class=\"elementor-inner\">\n\t\t\t\t<div class=\"elementor-section-wrap\">\n\t\t\t\t\t\t\t\t\t<section class=\"elementor-section elementor-top-section elementor-element elementor-element-46ba683 elementor-section-height-min-height elementor-section-boxed elementor-section-height-default elementor-section-items-middle\" data-id=\"46ba683\" data-element_type=\"section\" data-settings=\"{&quot;background_background&quot;:&quot;classic&quot;}\">\n\t\t\t\t\t\t\t<div class=\"elementor-background-overlay\"><\/div>\n\t\t\t\t\t\t\t<div class=\"elementor-container elementor-column-gap-default\">\n\t\t\t\t\t\t\t<div class=\"elementor-row\">\n\t\t\t\t\t<div class=\"elementor-column elementor-col-100 elementor-top-column elementor-element elementor-element-2b35b9c\" data-id=\"2b35b9c\" data-element_type=\"column\">\n\t\t\t<div class=\"elementor-column-wrap elementor-element-populated\">\n\t\t\t\t\t\t\t<div class=\"elementor-widget-wrap\">\n\t\t\t\t\t\t<div class=\"elementor-element elementor-element-46c5553 elementor-widget elementor-widget-heading\" data-id=\"46c5553\" data-element_type=\"widget\" data-widget_type=\"heading.default\">\n\t\t\t\t<div class=\"elementor-widget-container\">\n\t\t\t<h1 class=\"elementor-heading-title elementor-size-xxl\">CITYLAB | smart city strategy<\/h1>\t\t<\/div>\n\t\t\t\t<\/div>\n\t\t\t\t\t\t<\/div>\n\t\t\t\t\t<\/div>\n\t\t<\/div>\n\t\t\t\t\t\t\t\t<\/div>\n\t\t\t\t\t<\/div>\n\t\t<\/section>\n\t\t\t\t<section class=\"elementor-section elementor-top-section elementor-element elementor-element-9112b40 elementor-section-boxed elementor-section-height-default elementor-section-height-default\" data-id=\"9112b40\" data-element_type=\"section\">\n\t\t\t\t\t\t<div class=\"elementor-container elementor-column-gap-default\">\n\t\t\t\t\t\t\t<div class=\"elementor-row\">\n\t\t\t\t\t<div class=\"elementor-column elementor-col-50 elementor-top-column elementor-element elementor-element-0d79ebe\" data-id=\"0d79ebe\" data-element_type=\"column\">\n\t\t\t<div class=\"elementor-column-wrap elementor-element-populated\">\n\t\t\t\t\t\t\t<div class=\"elementor-widget-wrap\">\n\t\t\t\t\t\t<div class=\"elementor-element elementor-element-00f6af3 elementor-widget elementor-widget-text-editor\" data-id=\"00f6af3\" data-element_type=\"widget\" data-widget_type=\"text-editor.default\">\n\t\t\t\t<div class=\"elementor-widget-container\">\n\t\t\t\t\t\t\t\t<div class=\"elementor-text-editor elementor-clearfix\">\n\t\t\t\t<div class=\"fw-heading\"><h3 class=\"fw-special-title\">AUSGANGSPUNKT DES PROJEKTES<\/h3><\/div><p>The corona pandemic did not make life any easier for associations either. DIGITAL VEREINT is an initiative of the Technology Foundation Berlin with the aim of enabling the continuation of association work in the digital realm. In August, Citylab Berlin approached us with the idea of producing two films: an image film that makes the work of DIGITAL VEREINT plausible and an explanatory film that clarifies the Senate's Smart City strategy. Both films were to run in an exhibition just three weeks later. This was a real time challenge for our film production as well.<\/p><div class=\"fw-heading\"><h3 class=\"fw-special-title\">OUR APPROACH<\/h3><\/div><p>Ausgangspunkt unserer Arbeit waren in diesem Fall nur zwei recht lange, etwas sperrige Sprecher:innentexte. Es gab aufgrund der Coronazeit kein Bildmaterial, kein Audiomaterial. Schnell entschieden wir uns daf\u00fcr, zusammen mit unseren Partnern von JOJOMOTO den Erkl\u00e4rfilm f\u00fcr die Smart City Strategie zu animieren. Assets wurden entworfen &#8211; und direkt umgesetzt. F\u00fcr das Video von DIGITAL VEREINT lag die besondere Herausforderung darin, innerhalb weniger Tage Interviewpartner:innen und Drehorte zu finden.<\/p>\t\t\t\t\t<\/div>\n\t\t\t\t\t\t<\/div>\n\t\t\t\t<\/div>\n\t\t\t\t\t\t<\/div>\n\t\t\t\t\t<\/div>\n\t\t<\/div>\n\t\t\t\t<div class=\"elementor-column elementor-col-50 elementor-top-column elementor-element elementor-element-b2587d7\" data-id=\"b2587d7\" data-element_type=\"column\">\n\t\t\t<div class=\"elementor-column-wrap elementor-element-populated\">\n\t\t\t\t\t\t\t<div class=\"elementor-widget-wrap\">\n\t\t\t\t\t\t<div class=\"elementor-element elementor-element-94c8ca4 elementor-widget elementor-widget-text-editor\" data-id=\"94c8ca4\" data-element_type=\"widget\" data-widget_type=\"text-editor.default\">\n\t\t\t\t<div class=\"elementor-widget-container\">\n\t\t\t\t\t\t\t\t<div class=\"elementor-text-editor elementor-clearfix\">\n\t\t\t\t<div class=\"fw-heading\"><h3 class=\"fw-special-title\">IMPLEMENTATION<\/h3><\/div><p>Uns ist es wichtig, auch sperrige Zusammenh\u00e4nge emotional nachvollziehbar darzustellen. \u00c4sthetische Kernidee des kurzen Films wurde so das Verschwinden: Pl\u00e4tze, die sich leeren, B\u00fcros, die verwaist stehen, ein Garten, der sich selbst \u00fcberlassen wird. Stock Footage m\u00f6gen wir nicht besonders gern &#8211; wir wollten alle Bilder m\u00f6glichst selbst drehen. Gl\u00fccklicherweise leben und arbeiten wir seit \u00fcber 20 Jahren in Berlin und sind Teil eines riesigen Netzwerkes. So lie\u00df sich das Video f\u00fcr DIGITAL VEREINT innerhalb von zwei Wochen incl. Schnitt umsetzen.<\/p><div class=\"fw-heading\"><h3 class=\"fw-special-title\">SIMILAR PROJECTS<\/h3><\/div><p>Our film and video production is very happy to work for foundations, NGOs and associations.\u00a0 Of course, we do not see ourselves purely as service providers in this context and so our involvement often goes far beyond the production of a film or video. At the end of 2021, for example, we produced a film for the project\u00a0<a href=\"https:\/\/vimeo.com\/660510183\" target=\"_blank\" rel=\"noopener\">MARBLES OF REMEMBRANCE<\/a>\u00a0the\u00a0<a href=\"https:\/\/arolsen-archives.org\/?gclid=Cj0KCQiAtJeNBhCVARIsANJUJ2GjaEwdfDF83SfhaMoP4v25RhuAISL_v-GkByK49cWJL9QnD1Pa_3UaAuwCEALw_wcB\" target=\"_blank\" rel=\"noopener\">Arolsen Archives\u00a0\u00a0<\/a>organised a joint excursion day with around 30 children from a Waldorf school in Berlin.<\/p>\t\t\t\t\t<\/div>\n\t\t\t\t\t\t<\/div>\n\t\t\t\t<\/div>\n\t\t\t\t\t\t<\/div>\n\t\t\t\t\t<\/div>\n\t\t<\/div>\n\t\t\t\t\t\t\t\t<\/div>\n\t\t\t\t\t<\/div>\n\t\t<\/section>\n\t\t\t\t<section class=\"elementor-section elementor-top-section elementor-element elementor-element-7c80615 elementor-section-boxed elementor-section-height-default elementor-section-height-default\" data-id=\"7c80615\" data-element_type=\"section\">\n\t\t\t\t\t\t<div class=\"elementor-container elementor-column-gap-default\">\n\t\t\t\t\t\t\t<div class=\"elementor-row\">\n\t\t\t\t\t<div class=\"elementor-column elementor-col-100 elementor-top-column elementor-element elementor-element-f22cbf9\" data-id=\"f22cbf9\" data-element_type=\"column\">\n\t\t\t<div class=\"elementor-column-wrap elementor-element-populated\">\n\t\t\t\t\t\t\t<div class=\"elementor-widget-wrap\">\n\t\t\t\t\t\t<div class=\"elementor-element elementor-element-b1089a7 elementor-align-center elementor-widget elementor-widget-button\" data-id=\"b1089a7\" data-element_type=\"widget\" data-widget_type=\"button.default\">\n\t\t\t\t<div class=\"elementor-widget-container\">\n\t\t\t\t\t<div class=\"elementor-button-wrapper\">\n\t\t\t<a href=\"https:\/\/silentfilm.de\/en\/\" class=\"elementor-button-link elementor-button elementor-size-md elementor-animation-grow\" role=\"button\" id=\"my-button\">\n\t\t\t\t\t\t<span class=\"elementor-button-content-wrapper\">\n\t\t\t\t\t\t<span class=\"elementor-button-text\">HOME<\/span>\n\t\t<\/span>\n\t\t\t\t\t<\/a>\n\t\t<\/div>\n\t\t\t\t<\/div>\n\t\t\t\t<\/div>\n\t\t\t\t\t\t<\/div>\n\t\t\t\t\t<\/div>\n\t\t<\/div>\n\t\t\t\t\t\t\t\t<\/div>\n\t\t\t\t\t<\/div>\n\t\t<\/section>\n\t\t\t\t<section class=\"elementor-section elementor-top-section elementor-element elementor-element-ce7ce57 elementor-section-height-min-height elementor-section-boxed elementor-section-height-default elementor-section-items-middle\" data-id=\"ce7ce57\" data-element_type=\"section\" data-settings=\"{&quot;background_background&quot;:&quot;classic&quot;}\">\n\t\t\t\t\t\t\t<div class=\"elementor-background-overlay\"><\/div>\n\t\t\t\t\t\t\t<div class=\"elementor-container elementor-column-gap-default\">\n\t\t\t\t\t\t\t<div class=\"elementor-row\">\n\t\t\t\t\t<div class=\"elementor-column elementor-col-100 elementor-top-column elementor-element elementor-element-422a700\" data-id=\"422a700\" data-element_type=\"column\">\n\t\t\t<div class=\"elementor-column-wrap elementor-element-populated\">\n\t\t\t\t\t\t\t<div class=\"elementor-widget-wrap\">\n\t\t\t\t\t\t<div class=\"elementor-element elementor-element-0e70f50 elementor-align-center elementor-widget elementor-widget-button\" data-id=\"0e70f50\" data-element_type=\"widget\" data-widget_type=\"button.default\">\n\t\t\t\t<div class=\"elementor-widget-container\">\n\t\t\t\t\t<div class=\"elementor-button-wrapper\">\n\t\t\t<a href=\"https:\/\/www.youtube.com\/watch?v=AycKzmPvdCw&#038;feature=youtu.be\" class=\"elementor-button-link elementor-button elementor-size-sm elementor-animation-grow\" role=\"button\">\n\t\t\t\t\t\t<span class=\"elementor-button-content-wrapper\">\n\t\t\t\t\t\t<span class=\"elementor-button-text\">Video CITYLAB<\/span>\n\t\t<\/span>\n\t\t\t\t\t<\/a>\n\t\t<\/div>\n\t\t\t\t<\/div>\n\t\t\t\t<\/div>\n\t\t\t\t\t\t<\/div>\n\t\t\t\t\t<\/div>\n\t\t<\/div>\n\t\t\t\t\t\t\t\t<\/div>\n\t\t\t\t\t<\/div>\n\t\t<\/section>\n\t\t\t\t\t\t\t\t\t<\/div>\n\t\t\t<\/div>\n\t\t\t\t\t<\/div>","protected":false},"excerpt":{"rendered":"<p>CITYLAB | smart city strategy AUSGANGSPUNKT DES PROJEKTES Die Coronapandemie machte auch das Leben der Vereine nicht leichter. DIGITAL VEREINT ist eine Initiative der Technologiestiftung Berlin mit dem Ziel, die Fortsetzung von Vereinsarbeit im Digitalen zu erm\u00f6glichen. Im August trat das Citylab Berlin mit der Idee an uns heran, zwei Filme zu produzieren: einen Imagefilm, der die Arbeit von DIGITAL [&hellip;]<\/p>\n","protected":false},"author":2,"featured_media":0,"parent":0,"menu_order":0,"comment_status":"closed","ping_status":"closed","template":"page-templates\/full-width-no-title.php","meta":{"_exactmetrics_skip_tracking":false,"_exactmetrics_sitenote_active":false,"_exactmetrics_sitenote_note":"","_exactmetrics_sitenote_category":0,"footnotes":""},"class_list":["post-3393","page","type-page","status-publish","hentry"],"_links":{"self":[{"href":"https:\/\/silentfilm.de\/en\/wp-json\/wp\/v2\/pages\/3393","targetHints":{"allow":["GET"]}}],"collection":[{"href":"https:\/\/silentfilm.de\/en\/wp-json\/wp\/v2\/pages"}],"about":[{"href":"https:\/\/silentfilm.de\/en\/wp-json\/wp\/v2\/types\/page"}],"author":[{"embeddable":true,"href":"https:\/\/silentfilm.de\/en\/wp-json\/wp\/v2\/users\/2"}],"replies":[{"embeddable":true,"href":"https:\/\/silentfilm.de\/en\/wp-json\/wp\/v2\/comments?post=3393"}],"version-history":[{"count":41,"href":"https:\/\/silentfilm.de\/en\/wp-json\/wp\/v2\/pages\/3393\/revisions"}],"predecessor-version":[{"id":7624,"href":"https:\/\/silentfilm.de\/en\/wp-json\/wp\/v2\/pages\/3393\/revisions\/7624"}],"wp:attachment":[{"href":"https:\/\/silentfilm.de\/en\/wp-json\/wp\/v2\/media?parent=3393"}],"curies":[{"name":"wp","href":"https:\/\/api.w.org\/{rel}","templated":true}]}}