{"id":3368,"date":"2022-12-13T19:44:31","date_gmt":"2022-12-13T19:44:31","guid":{"rendered":"https:\/\/silentfilm.de\/?page_id=3368"},"modified":"2025-09-08T13:03:22","modified_gmt":"2025-09-08T13:03:22","slug":"kontakt-video-produktion-berlin","status":"publish","type":"page","link":"https:\/\/silentfilm.de\/en\/kontakt-video-produktion-berlin\/","title":{"rendered":"CONTACT \/ PRIVACY POLICY"},"content":{"rendered":"\t\t<div data-elementor-type=\"wp-page\" data-elementor-id=\"3368\" class=\"elementor elementor-3368\">\n\t\t\t\t\t\t<div class=\"elementor-inner\">\n\t\t\t\t<div class=\"elementor-section-wrap\">\n\t\t\t\t\t\t\t\t\t<section class=\"elementor-section elementor-top-section elementor-element elementor-element-29eb288 elementor-section-height-min-height elementor-section-boxed elementor-section-height-default elementor-section-items-middle\" data-id=\"29eb288\" data-element_type=\"section\" data-settings=\"{&quot;background_background&quot;:&quot;classic&quot;}\">\n\t\t\t\t\t\t<div class=\"elementor-container elementor-column-gap-default\">\n\t\t\t\t\t\t\t<div class=\"elementor-row\">\n\t\t\t\t\t<div class=\"elementor-column elementor-col-100 elementor-top-column elementor-element elementor-element-4bdd3ab\" data-id=\"4bdd3ab\" data-element_type=\"column\">\n\t\t\t<div class=\"elementor-column-wrap\">\n\t\t\t\t\t\t\t<div class=\"elementor-widget-wrap\">\n\t\t\t\t\t\t\t\t<\/div>\n\t\t\t\t\t<\/div>\n\t\t<\/div>\n\t\t\t\t\t\t\t\t<\/div>\n\t\t\t\t\t<\/div>\n\t\t<\/section>\n\t\t\t\t<section class=\"elementor-section elementor-top-section elementor-element elementor-element-d36ea04 elementor-section-full_width elementor-section-height-default elementor-section-height-default\" data-id=\"d36ea04\" data-element_type=\"section\">\n\t\t\t\t\t\t<div class=\"elementor-container elementor-column-gap-no\">\n\t\t\t\t\t\t\t<div class=\"elementor-row\">\n\t\t\t\t\t<div class=\"elementor-column elementor-col-100 elementor-top-column elementor-element elementor-element-e7db0d2\" data-id=\"e7db0d2\" data-element_type=\"column\">\n\t\t\t<div class=\"elementor-column-wrap elementor-element-populated\">\n\t\t\t\t\t\t\t<div class=\"elementor-widget-wrap\">\n\t\t\t\t\t\t<div class=\"elementor-element elementor-element-e4d05d1 elementor-widget elementor-widget-google_maps\" data-id=\"e4d05d1\" data-element_type=\"widget\" data-widget_type=\"google_maps.default\">\n\t\t\t\t<div class=\"elementor-widget-container\">\n\t\t\t\t\t<div class=\"elementor-custom-embed\">\n\t\t\t<iframe loading=\"lazy\"\n\t\t\t\t\tsrc=\"https:\/\/maps.google.com\/maps?q=SILENTFILM%20Filmproduktion%2C%20Bouch%C3%A9stra%C3%9Fe%2017%2C%20Berlin%2C%20Berlin%2C%20Germany%2C%2012435&#038;t=m&#038;z=10&#038;output=embed&#038;iwloc=near\"\n\t\t\t\t\ttitle=\"SILENTFILM Filmproduktion, Bouch\u00e9stra\u00dfe 17, Berlin, Berlin, Germany, 12435\"\n\t\t\t\t\taria-label=\"SILENTFILM Filmproduktion, Bouch\u00e9stra\u00dfe 17, Berlin, Berlin, Germany, 12435\"\n\t\t\t><\/iframe>\n\t\t<\/div>\n\t\t\t\t<\/div>\n\t\t\t\t<\/div>\n\t\t\t\t\t\t<\/div>\n\t\t\t\t\t<\/div>\n\t\t<\/div>\n\t\t\t\t\t\t\t\t<\/div>\n\t\t\t\t\t<\/div>\n\t\t<\/section>\n\t\t\t\t<section class=\"elementor-section elementor-top-section elementor-element elementor-element-cfb5ce3 elementor-section-boxed elementor-section-height-default elementor-section-height-default\" data-id=\"cfb5ce3\" data-element_type=\"section\">\n\t\t\t\t\t\t<div class=\"elementor-container elementor-column-gap-default\">\n\t\t\t\t\t\t\t<div class=\"elementor-row\">\n\t\t\t\t\t<div class=\"elementor-column elementor-col-100 elementor-top-column elementor-element elementor-element-74ea12b\" data-id=\"74ea12b\" data-element_type=\"column\">\n\t\t\t<div class=\"elementor-column-wrap elementor-element-populated\">\n\t\t\t\t\t\t\t<div class=\"elementor-widget-wrap\">\n\t\t\t\t\t\t<div class=\"elementor-element elementor-element-61d22d7 elementor-widget elementor-widget-heading\" data-id=\"61d22d7\" data-element_type=\"widget\" data-widget_type=\"heading.default\">\n\t\t\t\t<div class=\"elementor-widget-container\">\n\t\t\t<h2 class=\"elementor-heading-title elementor-size-default\">KONTAKT VIDEO PRODUKTION\n<\/h2>\t\t<\/div>\n\t\t\t\t<\/div>\n\t\t\t\t\t\t<\/div>\n\t\t\t\t\t<\/div>\n\t\t<\/div>\n\t\t\t\t\t\t\t\t<\/div>\n\t\t\t\t\t<\/div>\n\t\t<\/section>\n\t\t\t\t<section class=\"elementor-section elementor-top-section elementor-element elementor-element-a8f3ca0 elementor-section-boxed elementor-section-height-default elementor-section-height-default\" data-id=\"a8f3ca0\" data-element_type=\"section\">\n\t\t\t\t\t\t<div class=\"elementor-container elementor-column-gap-default\">\n\t\t\t\t\t\t\t<div class=\"elementor-row\">\n\t\t\t\t\t<div class=\"elementor-column elementor-col-100 elementor-top-column elementor-element elementor-element-ff7e77e\" data-id=\"ff7e77e\" data-element_type=\"column\">\n\t\t\t<div class=\"elementor-column-wrap elementor-element-populated\">\n\t\t\t\t\t\t\t<div class=\"elementor-widget-wrap\">\n\t\t\t\t\t\t<div class=\"elementor-element elementor-element-114382a elementor-widget elementor-widget-text-editor\" data-id=\"114382a\" data-element_type=\"widget\" data-widget_type=\"text-editor.default\">\n\t\t\t\t<div class=\"elementor-widget-container\">\n\t\t\t\t\t\t\t\t<div class=\"elementor-text-editor elementor-clearfix\">\n\t\t\t\t<p><strong>HEAD OFFICE&nbsp; SILENTFILM&nbsp; BERLIN<\/strong><\/p>\n<p>Film &amp; Video Produktion<\/p>\n<p>Heiko Aufdermauer (CEO)<br>Bouch\u00e9strasse 17<br>12435 Berlin<\/p>\n<p>E-Mail: info@silentfilm.de<br>first hello: 030 3987 3056<\/p>\n<p>mobile phone Heiko Aufdermauer: +49 163 3170732<\/p>\n<p>Ust.-ID:&nbsp; DE269549692&nbsp;<\/p>\t\t\t\t\t<\/div>\n\t\t\t\t\t\t<\/div>\n\t\t\t\t<\/div>\n\t\t\t\t<div class=\"elementor-element elementor-element-7e99e5f elementor-widget elementor-widget-text-editor\" data-id=\"7e99e5f\" data-element_type=\"widget\" data-widget_type=\"text-editor.default\">\n\t\t\t\t<div class=\"elementor-widget-container\">\n\t\t\t\t\t\t\t\t<div class=\"elementor-text-editor elementor-clearfix\">\n\t\t\t\t<p><strong>SILENTFILM\u00a0 MECKLENBURG-VORPOMMERN<\/strong><\/p><p>Film &amp; Video Produktion<\/p><p>Johannes Girke<br \/>Kurze Strasse 7<br \/>19399 Below<\/p><p>E-Mail: info@silentfilm.de<br \/>Phone: +49 16097613424<\/p><p>Ust.-ID:\u00a0 DE269549692<\/p><p>\u00a0<\/p>\t\t\t\t\t<\/div>\n\t\t\t\t\t\t<\/div>\n\t\t\t\t<\/div>\n\t\t\t\t<div class=\"elementor-element elementor-element-1ee6367 elementor-widget elementor-widget-text-editor\" data-id=\"1ee6367\" data-element_type=\"widget\" data-widget_type=\"text-editor.default\">\n\t\t\t\t<div class=\"elementor-widget-container\">\n\t\t\t\t\t\t\t\t<div class=\"elementor-text-editor elementor-clearfix\">\n\t\t\t\t<p>Alle Rechte vorbehalten. Das Copyright f\u00fcr s\u00e4mtliche Materialien auf dieser Website liegt bei H. Aufdermauer. Eine Vervielf\u00e4ltigung oder Verwendung s\u00e4mtlicher Abbildungen, Videos, Audio-Dateien und Texte ist ohne ausdr\u00fcckliche schriftliche Genehmigung nicht gestattet. Wir sind nicht verantwortlich f\u00fcr den Inhalt externer Links oder indirekter Verweise auf dieser Webseite.<\/p><div class=\"fw-divider-space\">\u00a0<\/div><p><strong>Datenschutzrichtlinien<\/strong><\/p><p>Wir von Silentfilm Film- und Videoproduktion Berlin verpflichten uns, die Privatsph\u00e4re unserer Kunden und Website-Besucher zu sch\u00fctzen.<\/p><p>Diese Datenschutzerkl\u00e4rung erl\u00e4utert, was mit den pers\u00f6nlichen Daten geschieht, die Sie uns \u00fcbermitteln oder die wir von Ihnen erfassen, w\u00e4hrend Sie unsere Website besuchen. Wir aktualisieren diese Richtlinie von Zeit zu Zeit. \u00dcberpr\u00fcfen Sie diese Richtlinie daher regelm\u00e4\u00dfig.<\/p><p><strong>Welche Daten wir erheben<\/strong><\/p><p>Bei Betrieb und Pflege unserer Website erheben und verarbeiten wir m\u00f6glicherweise folgende Daten \u00fcber Sie:<\/p><ul><li>Informationen \u00fcber Ihre Nutzung unserer Website, einschlie\u00dflich Details zu Ihren Besuchen, z. B. aufgerufene Seiten und die Ressourcen, auf die Sie zugreifen. Zu diesen Informationen geh\u00f6ren Verkehrsdaten, Ortsdaten und andere Kommunikationsdaten.<\/li><li>Informationen, die Sie freiwillig zur Verf\u00fcgung stellen. Zum Beispiel, wenn Sie sich f\u00fcr Informationen registrieren oder ein Angebot anfordern.<\/li><li>Informationen, die Sie angeben, wenn Sie auf irgendeine Weise mit uns kommunizieren.<\/li><\/ul><p><strong>Verwendung von Cookies<\/strong><\/p><p>Cookies enthalten Informationen \u00fcber den von einem Besucher verwendeten Computer. Gegebenenfalls setzen wir Cookies ein, um Informationen \u00fcber Ihren Computer zu sammeln, um uns bei der Verbesserung unserer Website zu unterst\u00fctzen.<\/p><p>Wir k\u00f6nnen mithilfe des Cookies Informationen \u00fcber Ihre allgemeine Internetnutzung sammeln. Wo verwendet, werden diese Cookies auf Ihren Computer heruntergeladen und auf der Festplatte des Computers gespeichert. Diese Informationen werden Sie nicht pers\u00f6nlich identifizieren. Es sind statistische Daten. Diese statistischen Daten identifizieren keinerlei pers\u00f6nliche Daten.<\/p><p>Sie k\u00f6nnen die Einstellungen auf Ihrem Computer anpassen, um ggf. Cookies abzulehnen. Dies kann leicht durch Aktivieren der Einstellung zum Ablehnen von Cookies auf Ihrem Computer erfolgen.<\/p><p>Unsere Partner k\u00f6nnen auch Cookies verwenden, auf die wir keinen Einfluss haben. Solche Cookies werden heruntergeladen, sobald Sie auf mit Silentfilm Filmproduktion verbundene Websites klicken.<\/p><p><strong>Verwendung Ihrer Daten<\/strong><\/p><p>Wir verwenden die von Ihnen gesammelten Daten, um Ihnen unsere Dienste zur Verf\u00fcgung zu stellen. Dar\u00fcber hinaus k\u00f6nnen wir die Informationen f\u00fcr einen oder mehrere der folgenden Zwecke verwenden:<\/p><ul><li>Um Ihnen Informationen zur Verf\u00fcgung zu stellen, die Sie von uns in Bezug auf unsere Dienstleistungen anfordern.<\/li><\/ul><p>Wenn Sie zuvor Ihre Zustimmung erteilt haben, k\u00f6nnen wir ausgew\u00e4hlten Dritten die Nutzung Ihrer Daten gestatten, damit diese Ihnen Informationen zu nicht verbundenen Waren und Dienstleistungen zur Verf\u00fcgung stellen k\u00f6nnen, von denen wir glauben, dass sie Sie interessieren k\u00f6nnten. Wenn eine solche Einwilligung erteilt wurde, kann sie jederzeit von Ihnen widerrufen werden.<\/p><p><strong>Speichern Ihrer pers\u00f6nlichen Daten<\/strong><\/p><p>Beim Betrieb unserer Website kann es erforderlich sein, Daten, die wir von Ihnen sammeln, an Standorte au\u00dferhalb der Europ\u00e4ischen Union zur Verarbeitung und Speicherung zu \u00fcbermitteln. Durch die \u00dcbermittlung Ihrer personenbezogenen Daten stimmen Sie der \u00dcbertragung, Speicherung oder Verarbeitung zu. Wir tun unser Bestes, um sicherzustellen, dass alle angemessenen Schritte unternommen werden, um sicherzustellen, dass Ihre Daten sicher verarbeitet und gespeichert werden.<\/p><p>Das Versenden von Informationen \u00fcber das Internet ist nicht absolut sicher, und gelegentlich k\u00f6nnen solche Informationen abgefangen werden. Wir k\u00f6nnen nicht die Sicherheit der Daten garantieren, die Sie uns f\u00fcr die elektronische \u00dcbermittlung ausw\u00e4hlen. Der Versand solcher Informationen erfolgt ausschlie\u00dflich auf eigenes Risiko.<\/p><p><strong>Weitergabe Ihrer Daten<\/strong><\/p><p>Wir werden Ihre personenbezogenen Daten nicht an andere Parteien als in \u00dcbereinstimmung mit dieser Datenschutzrichtlinie und unter den nachfolgend beschriebenen Umst\u00e4nden weitergeben:<\/p><ul><li>F\u00fcr den Fall, dass wir unser Gesch\u00e4ft ganz oder teilweise an den K\u00e4ufer verkaufen.<\/li><li>Wenn wir gesetzlich dazu verpflichtet sind, Ihre pers\u00f6nlichen Daten offenzulegen.<\/li><li>Im Falle von Betrug oder zur Verringerung des Betrugsrisikos.<\/li><\/ul><p><strong>Links zu Drittanbietern<\/strong><\/p><p>Gelegentlich enthalten wir auf dieser Website Links zu Dritten. Wenn wir einen Link zur Verf\u00fcgung stellen, bedeutet dies nicht, dass wir die Datenschutzbestimmungen dieser Website billigen oder genehmigen. Sie sollten die Datenschutzbestimmungen lesen, bevor Sie ihnen personenbezogene Daten senden.<\/p><p><strong>Zugang zu Informationen<\/strong><\/p><p>Gem\u00e4\u00df dem Datenschutzgesetz von 1998 haben Sie das Recht, auf alle Informationen zuzugreifen, die wir \u00fcber Sie haben.<\/p><p><strong>Kontakt f\u00fcr Nachfragen<\/strong><\/p><p>Bei Fragen zu unserer Datenschutzerkl\u00e4rung oder zum Umgang mit Ihren pers\u00f6nlichen Daten wenden Sie sich bitte an: info@silentfilm.de oder per Post an die oben genannte Adresse.<\/p><p><strong>GOOGLE ANALYTICS<\/strong><\/p><p>Diese Website benutzt Google Analytics, einen Webanalysedienst der Google Inc, (1600 Amphitheatre Parkway Mountain View, CA 94043, USA; \u201eGoogle\u201c). Die Nutzung umfasst die Betriebsart \u201eUniversal Analytics\u201c. Hierdurch ist es m\u00f6glich, Daten, Sitzungen und Interaktionen \u00fcber mehrere Ger\u00e4te hinweg einer pseudonymen User-ID zuzuordnen und so die Aktivit\u00e4ten eines Nutzers ger\u00e4te\u00fcbergreifend zu analysieren. Dieser Datenschutzhinweis wird zur Verf\u00fcgung gestellt von\u00a0<a href=\"https:\/\/www.intersoft-consulting.de\/\" target=\"_blank\" rel=\"noopener\">www.intersoft-consulting.de<\/a>.<\/p><p>Google Analytics verwendet sog. \u201eCookies\u201c, Textdateien, die auf Ihrem Computer gespeichert werden und die eine Analyse der Benutzung der Website durch Sie erm\u00f6glichen. Die durch das Cookie erzeugten Informationen \u00fcber Ihre Benutzung dieser Website werden in der Regel an einen Server von Google in den USA \u00fcbertragen und dort gespeichert. Im Falle der Aktivierung der IP-Anonymisierung auf dieser Website, wird Ihre IP-Adresse von Google jedoch innerhalb von Mitgliedstaaten der Europ\u00e4ischen Union oder in anderen Vertragsstaaten des Abkommens \u00fcber den Europ\u00e4ischen Wirtschaftsraum zuvor gek\u00fcrzt. Nur in Ausnahmef\u00e4llen wird die volle IP-Adresse an einen Server von Google in den USA \u00fcbertragen und dort gek\u00fcrzt. Die im Rahmen von Google Analytics von Ihrem Browser \u00fcbermittelte IP-Adresse wird nicht mit anderen Daten von Google zusammengef\u00fchrt. Im Auftrag des Betreibers dieser Website wird Google diese Informationen benutzen, um Ihre Nutzung der Website auszuwerten, um Reports \u00fcber die Websiteaktivit\u00e4ten zusammenzustellen und um weitere mit der Websitenutzung und der Internetnutzung verbundene Dienstleistungen gegen\u00fcber dem Websitebetreiber zu erbringen. In diesen Zwecken liegt auch unser berechtigtes Interesse an der Datenverarbeitung. Die Rechtsgrundlage f\u00fcr den Einsatz von Google Analytics ist \u00a7 15 Abs. 3 TMG bzw. Art. 6 Abs. 1 lit. f DSGVO. Die von uns gesendeten und mit Cookies, Nutzerkennungen (z. B. User-ID) oder Werbe-IDs verkn\u00fcpften Daten werden nach 14 Monaten automatisch gel\u00f6scht. Die L\u00f6schung von Daten, deren Aufbewahrungsdauer erreicht ist, erfolgt automatisch einmal im Monat. N\u00e4here Informationen zu Nutzungsbedingungen und Datenschutz finden Sie unter\u00a0<a href=\"https:\/\/www.google.com\/analytics\/terms\/de.html\" target=\"_blank\" rel=\"noopener\">https:\/\/www.google.com\/analytics\/terms\/de.html<\/a>\u00a0bzw. unter\u00a0<a href=\"https:\/\/policies.google.com\/?hl=de\" target=\"_blank\" rel=\"noopener\">https:\/\/policies.google.com\/?hl=de<\/a>.<\/p><p>Sie k\u00f6nnen die Speicherung der Cookies durch eine entsprechende Einstellung Ihrer Browser-Software verhindern; wir weisen Sie jedoch darauf hin, dass Sie in diesem Fall gegebenenfalls nicht s\u00e4mtliche Funktionen dieser Website vollumf\u00e4nglich werden nutzen k\u00f6nnen. Sie k\u00f6nnen dar\u00fcber hinaus die Erfassung der durch das Cookie erzeugten und auf Ihre Nutzung der Website bezogenen Daten (inkl. Ihrer IP-Adresse) an Google sowie die Verarbeitung dieser Daten durch Google verhindern, indem Sie das\u00a0<a href=\"https:\/\/tools.google.com\/dlpage\/gaoptout?hl=de\" target=\"_blank\" rel=\"noopener\">Browser-Add-on<\/a>\u00a0herunterladen und installieren. Opt-Out-Cookies verhindern die zuk\u00fcnftige Erfassung Ihrer Daten beim Besuch dieser Website. Um die Erfassung durch Universal Analytics \u00fcber verschiedene Ger\u00e4te hinweg zu verhindern, m\u00fcssen Sie das Opt-Out auf allen genutzten Systemen durchf\u00fchren.<\/p><p><strong>Wenn Sie hier klicken, wird das Opt-Out-Cookie gesetzt:<\/strong>\u00a0[ga_optout]<\/p>\t\t\t\t\t<\/div>\n\t\t\t\t\t\t<\/div>\n\t\t\t\t<\/div>\n\t\t\t\t\t\t<\/div>\n\t\t\t\t\t<\/div>\n\t\t<\/div>\n\t\t\t\t\t\t\t\t<\/div>\n\t\t\t\t\t<\/div>\n\t\t<\/section>\n\t\t\t\t\t\t\t\t\t<\/div>\n\t\t\t<\/div>\n\t\t\t\t\t<\/div>\n\t\t","protected":false},"excerpt":{"rendered":"<p>KONTAKT VIDEO PRODUKTION HEAD OFFICE&nbsp; SILENTFILM&nbsp; BERLIN Film &amp; Video Produktion Heiko Aufdermauer (CEO)Bouch\u00e9strasse 1712435 Berlin E-Mail: info@silentfilm.defirst hello: 030 3987 3056 mobile phone Heiko Aufdermauer: +49 163 3170732 Ust.-ID:&nbsp; DE269549692&nbsp; SILENTFILM\u00a0 MECKLENBURG-VORPOMMERN Film &amp; Video Produktion Johannes GirkeKurze Strasse 719399 Below E-Mail: info@silentfilm.dePhone: +49 16097613424 Ust.-ID:\u00a0 DE269549692 \u00a0 Alle Rechte vorbehalten. Das Copyright f\u00fcr s\u00e4mtliche Materialien auf dieser Website [&hellip;]<\/p>\n","protected":false},"author":2,"featured_media":0,"parent":0,"menu_order":0,"comment_status":"closed","ping_status":"closed","template":"page-templates\/full-width-transparent.php","meta":{"_exactmetrics_skip_tracking":false,"_exactmetrics_sitenote_active":false,"_exactmetrics_sitenote_note":"","_exactmetrics_sitenote_category":0,"footnotes":""},"class_list":["post-3368","page","type-page","status-publish","hentry"],"_links":{"self":[{"href":"https:\/\/silentfilm.de\/en\/wp-json\/wp\/v2\/pages\/3368","targetHints":{"allow":["GET"]}}],"collection":[{"href":"https:\/\/silentfilm.de\/en\/wp-json\/wp\/v2\/pages"}],"about":[{"href":"https:\/\/silentfilm.de\/en\/wp-json\/wp\/v2\/types\/page"}],"author":[{"embeddable":true,"href":"https:\/\/silentfilm.de\/en\/wp-json\/wp\/v2\/users\/2"}],"replies":[{"embeddable":true,"href":"https:\/\/silentfilm.de\/en\/wp-json\/wp\/v2\/comments?post=3368"}],"version-history":[{"count":36,"href":"https:\/\/silentfilm.de\/en\/wp-json\/wp\/v2\/pages\/3368\/revisions"}],"predecessor-version":[{"id":8230,"href":"https:\/\/silentfilm.de\/en\/wp-json\/wp\/v2\/pages\/3368\/revisions\/8230"}],"wp:attachment":[{"href":"https:\/\/silentfilm.de\/en\/wp-json\/wp\/v2\/media?parent=3368"}],"curies":[{"name":"wp","href":"https:\/\/api.w.org\/{rel}","templated":true}]}}