{"id":3267,"date":"2022-12-12T20:58:51","date_gmt":"2022-12-12T20:58:51","guid":{"rendered":"https:\/\/silentfilm.de\/?page_id=3267"},"modified":"2023-05-26T06:56:06","modified_gmt":"2023-05-26T06:56:06","slug":"filmproduktion-imagefilm","status":"publish","type":"page","link":"https:\/\/silentfilm.de\/en\/filmproduktion-imagefilm\/","title":{"rendered":"MUSICVIDEO production"},"content":{"rendered":"<div data-elementor-type=\"wp-page\" data-elementor-id=\"3267\" class=\"elementor elementor-3267\">\n\t\t\t\t\t\t<div class=\"elementor-inner\">\n\t\t\t\t<div class=\"elementor-section-wrap\">\n\t\t\t\t\t\t\t\t\t<section class=\"elementor-section elementor-top-section elementor-element elementor-element-983653e elementor-section-height-min-height elementor-section-boxed elementor-section-height-default elementor-section-items-middle\" data-id=\"983653e\" data-element_type=\"section\" data-settings=\"{&quot;background_background&quot;:&quot;classic&quot;}\">\n\t\t\t\t\t\t<div class=\"elementor-container elementor-column-gap-no\">\n\t\t\t\t\t\t\t<div class=\"elementor-row\">\n\t\t\t\t\t<div class=\"elementor-column elementor-col-100 elementor-top-column elementor-element elementor-element-dbf779d\" data-id=\"dbf779d\" data-element_type=\"column\">\n\t\t\t<div class=\"elementor-column-wrap elementor-element-populated\">\n\t\t\t\t\t\t\t<div class=\"elementor-widget-wrap\">\n\t\t\t\t\t\t<div class=\"elementor-element elementor-element-61ad761 animated-slow elementor-invisible elementor-widget elementor-widget-heading\" data-id=\"61ad761\" data-element_type=\"widget\" data-settings=\"{&quot;_animation&quot;:&quot;zoomIn&quot;}\" data-widget_type=\"heading.default\">\n\t\t\t\t<div class=\"elementor-widget-container\">\n\t\t\t<h2 class=\"elementor-heading-title elementor-size-default\">\"THIS VIDEO IS BETTER THAN A FULL-LENGTH FEATURE FILM! WHAT A STORY! WHAT A SONG! WHAT VOICES! BREATHTAKING.\"<\/h2>\t\t<\/div>\n\t\t\t\t<\/div>\n\t\t\t\t<div class=\"elementor-element elementor-element-e61108b animated-slow elementor-invisible elementor-widget elementor-widget-heading\" data-id=\"e61108b\" data-element_type=\"widget\" data-settings=\"{&quot;_animation&quot;:&quot;zoomIn&quot;}\" data-widget_type=\"heading.default\">\n\t\t\t\t<div class=\"elementor-widget-container\">\n\t\t\t<h4 class=\"elementor-heading-title elementor-size-default\">Comment on our video for FAUN\n<\/h4>\t\t<\/div>\n\t\t\t\t<\/div>\n\t\t\t\t\t\t<\/div>\n\t\t\t\t\t<\/div>\n\t\t<\/div>\n\t\t\t\t\t\t\t\t<\/div>\n\t\t\t\t\t<\/div>\n\t\t<\/section>\n\t\t\t\t<section class=\"elementor-section elementor-top-section elementor-element elementor-element-fc1bf1e elementor-section-boxed elementor-section-height-default elementor-section-height-default\" data-id=\"fc1bf1e\" data-element_type=\"section\">\n\t\t\t\t\t\t<div class=\"elementor-container elementor-column-gap-default\">\n\t\t\t\t\t\t\t<div class=\"elementor-row\">\n\t\t\t\t\t<div class=\"elementor-column elementor-col-100 elementor-top-column elementor-element elementor-element-a5f3fdb\" data-id=\"a5f3fdb\" data-element_type=\"column\">\n\t\t\t<div class=\"elementor-column-wrap elementor-element-populated\">\n\t\t\t\t\t\t\t<div class=\"elementor-widget-wrap\">\n\t\t\t\t\t\t<div class=\"elementor-element elementor-element-899769a elementor-widget elementor-widget-heading\" data-id=\"899769a\" data-element_type=\"widget\" data-widget_type=\"heading.default\">\n\t\t\t\t<div class=\"elementor-widget-container\">\n\t\t\t<h2 class=\"elementor-heading-title elementor-size-default\">MUSIC VIDEO PRODUCTION\n<\/h2>\t\t<\/div>\n\t\t\t\t<\/div>\n\t\t\t\t<div class=\"elementor-element elementor-element-39b9d6f elementor-widget elementor-widget-text-editor\" data-id=\"39b9d6f\" data-element_type=\"widget\" data-widget_type=\"text-editor.default\">\n\t\t\t\t<div class=\"elementor-widget-container\">\n\t\t\t\t\t\t\t\t<div class=\"elementor-text-editor elementor-clearfix\">\n\t\t\t\t<p>For our film production, realizing a music video is more than capturing a few pretty images and performance. We do not see a music video exclusively as an expression of a marketing strategy, but as the most authentic visual expression of the personality of an artist, a band or an orchestra.<\/p><p>In recent years, our Berlin-based film production company has produced many music videos for UNIVERSAL MUSIC, among others. It starts with simple performance videos with a small team and goes all the way to large productions with 50 extras. Each time we set out on a journey together with the artists.<\/p><p><strong>A good music video is visual music, not illustrated music.<\/strong>.<\/p><p>The parallels in the creation of a song and a video go even further: somewhere there is a path that lights up - and we approach the inner theme of the video through images, materials, places, lyrics and thoughts.<\/p><p>Ein gutes Video braucht Raum \u2013 zum Ausprobieren, Suchen und Experimentieren. F\u00fcr uns steht da Effektivit\u00e4t nicht an erster Stelle, sondern Deine Zufriedenheit mit dem Ergebnis. Wie so ein Prozess laufen kann?\u00a0<span style=\"color: #008080;\"><strong><a style=\"color: #008080;\" href=\"https:\/\/silentfilm.de\/en\/musikvideo-faun\/\" target=\"_blank\" rel=\"noopener\">Hier ein Einblick in unsere Arbeit f\u00fcr das Musikvideo von FAUN<\/a><\/strong><\/span>.<\/p><p>Since this year, we have also been experimenting with intelligent video generators - because especially for low budget music video productions, A.I. opens up crazy possibilities in connection with good self-produced material.<\/p><p>\u00a0<\/p>\t\t\t\t\t<\/div>\n\t\t\t\t\t\t<\/div>\n\t\t\t\t<\/div>\n\t\t\t\t<div class=\"elementor-element elementor-element-3be3ac2 elementor-align-center elementor-widget elementor-widget-button\" data-id=\"3be3ac2\" data-element_type=\"widget\" data-widget_type=\"button.default\">\n\t\t\t\t<div class=\"elementor-widget-container\">\n\t\t\t\t\t<div class=\"elementor-button-wrapper\">\n\t\t\t<a href=\"https:\/\/silentfilm.de\/en\/portfolio-imagefilm-produktion\/\" class=\"elementor-button-link elementor-button elementor-size-sm elementor-animation-grow\" role=\"button\">\n\t\t\t\t\t\t<span class=\"elementor-button-content-wrapper\">\n\t\t\t\t\t\t<span class=\"elementor-button-text\">Portfolio<\/span>\n\t\t<\/span>\n\t\t\t\t\t<\/a>\n\t\t<\/div>\n\t\t\t\t<\/div>\n\t\t\t\t<\/div>\n\t\t\t\t\t\t<\/div>\n\t\t\t\t\t<\/div>\n\t\t<\/div>\n\t\t\t\t\t\t\t\t<\/div>\n\t\t\t\t\t<\/div>\n\t\t<\/section>\n\t\t\t\t<section class=\"elementor-section elementor-top-section elementor-element elementor-element-7bbbe11 elementor-section-height-min-height elementor-section-boxed elementor-section-height-default elementor-section-items-middle\" data-id=\"7bbbe11\" data-element_type=\"section\">\n\t\t\t\t\t\t<div class=\"elementor-container elementor-column-gap-default\">\n\t\t\t\t\t\t\t<div class=\"elementor-row\">\n\t\t\t\t\t<div class=\"elementor-column elementor-col-33 elementor-top-column elementor-element elementor-element-9a94487\" data-id=\"9a94487\" data-element_type=\"column\">\n\t\t\t<div class=\"elementor-column-wrap elementor-element-populated\">\n\t\t\t\t\t\t\t<div class=\"elementor-widget-wrap\">\n\t\t\t\t\t\t<div class=\"elementor-element elementor-element-a37c8a7 elementor-widget elementor-widget-wpzoom-elementor-addons-pricing-table\" data-id=\"a37c8a7\" data-element_type=\"widget\" data-widget_type=\"wpzoom-elementor-addons-pricing-table.default\">\n\t\t\t\t<div class=\"elementor-widget-container\">\n\t\t\t\n\t\t\n\t\t<div class=\"wpz-pricing-table-header\">\n\t\t\t\t\t\t\t<h2 class=\"wpz-pricing-table-title\">SESSION VIDEO<\/h2>\n\t\t\t\t\t<\/div>\n\t\t<div class=\"wpz-pricing-table-price\">\n\t\t\t<div class=\"wpz-pricing-table-price-tag\"><span class=\"wpz-pricing-table-currency\">&#128;<\/span><span class=\"wpz-pricing-table-price-text\">1000<\/span><\/div>\n\t\t\t\t\t\t\t<div class=\"wpz-pricing-table-period\">net \/ 1 day shooting<\/div>\n\t\t\t\t\t\t\t\t<\/div>\n\n\t\t<div class=\"wpz-pricing-table-body\">\n\t\t\t\t\t\t\t<h3 class=\"wpz-pricing-table-features-title\">Features<\/h3>\n\t\t\t\n\t\t\t\t\t\t\t<ul class=\"wpz-pricing-table-features-list\">\n\t\t\t\t\t\t\t\t\t\t\t<li class=\"elementor-repeater-item-6e1a713\">\n\t\t\t\t\t\t\t<i class=\"fas fa-check\"><\/i>\t\t\t\t\t\t\t<div class=\"wpz-pricing-table-feature-text\">Videorecording of a playback session<\/div>\n\t\t\t\t\t\t<\/li>\n\t\t\t\t\t\t\t\t\t\t\t<li class=\"elementor-repeater-item-ec1ce84\">\n\t\t\t\t\t\t\t<i class=\"fas fa-check\"><\/i>\t\t\t\t\t\t\t<div class=\"wpz-pricing-table-feature-text\">One or more shots<\/div>\n\t\t\t\t\t\t<\/li>\n\t\t\t\t\t\t\t\t\t\t\t<li class=\"elementor-repeater-item-3034774\">\n\t\t\t\t\t\t\t<i class=\"fas fa-check\"><\/i>\t\t\t\t\t\t\t<div class=\"wpz-pricing-table-feature-text\">1 Regiekameramann &amp; 1 Assistent:In<\/div>\n\t\t\t\t\t\t<\/li>\n\t\t\t\t\t\t\t\t\t\t\t<li class=\"elementor-repeater-item-6cf2524\">\n\t\t\t\t\t\t\t<i class=\"fas fa-check\"><\/i>\t\t\t\t\t\t\t<div class=\"wpz-pricing-table-feature-text\">4K camera with Leica Lenses<\/div>\n\t\t\t\t\t\t<\/li>\n\t\t\t\t\t\t\t\t\t\t\t<li class=\"elementor-repeater-item-f8444b4\">\n\t\t\t\t\t\t\t<i class=\"fas fa-check\"><\/i>\t\t\t\t\t\t\t<div class=\"wpz-pricing-table-feature-text\">Slider, gimbal and lights included<\/div>\n\t\t\t\t\t\t<\/li>\n\t\t\t\t\t\t\t\t\t\t\t<li class=\"elementor-repeater-item-4d70f5b\">\n\t\t\t\t\t\t\t<i class=\"fas fa-check\"><\/i>\t\t\t\t\t\t\t<div class=\"wpz-pricing-table-feature-text\">Editing and color correction<\/div>\n\t\t\t\t\t\t<\/li>\n\t\t\t\t\t\t\t\t\t\t\t<li class=\"elementor-repeater-item-d6b600c\">\n\t\t\t\t\t\t\t<i class=\"fas fa-check\"><\/i>\t\t\t\t\t\t\t<div class=\"wpz-pricing-table-feature-text\"> Expenses for locations are not included<\/div>\n\t\t\t\t\t\t<\/li>\n\t\t\t\t\t\t\t\t\t\t\t<li class=\"elementor-repeater-item-be11124\">\n\t\t\t\t\t\t\t<i class=\"fas fa-check\"><\/i>\t\t\t\t\t\t\t<div class=\"wpz-pricing-table-feature-text\">Only in Berlin<\/div>\n\t\t\t\t\t\t<\/li>\n\t\t\t\t\t\t\t\t\t<\/ul>\n\t\t\t\t\t<\/div>\n\n\t\t\t\t\t<a class=\"wpz-pricing-table-btn\" href=\"https:\/\/www.youtube.com\/watch?v=WWN8EtLWB6c\" target=\"_blank\" rel=\"noopener\">Click here for an example<\/a>\n\t\t\n\t\t\t\t<\/div>\n\t\t\t\t<\/div>\n\t\t\t\t\t\t<\/div>\n\t\t\t\t\t<\/div>\n\t\t<\/div>\n\t\t\t\t<div class=\"elementor-column elementor-col-33 elementor-top-column elementor-element elementor-element-50c896b\" data-id=\"50c896b\" data-element_type=\"column\">\n\t\t\t<div class=\"elementor-column-wrap elementor-element-populated\">\n\t\t\t\t\t\t\t<div class=\"elementor-widget-wrap\">\n\t\t\t\t\t\t<div class=\"elementor-element elementor-element-4f55564 elementor-widget elementor-widget-wpzoom-elementor-addons-pricing-table\" data-id=\"4f55564\" data-element_type=\"widget\" data-widget_type=\"wpzoom-elementor-addons-pricing-table.default\">\n\t\t\t\t<div class=\"elementor-widget-container\">\n\t\t\t\n\t\t\t\t\t<span class=\"wpz-pricing-table-badge wpz-pricing-table-badge--left\">Recommended<\/span>\n\t\t\n\t\t<div class=\"wpz-pricing-table-header\">\n\t\t\t\t\t\t\t<h2 class=\"wpz-pricing-table-title\">MUSIC VIDEO oder EPK<\/h2>\n\t\t\t\t\t<\/div>\n\t\t<div class=\"wpz-pricing-table-price\">\n\t\t\t<div class=\"wpz-pricing-table-price-tag\"><span class=\"wpz-pricing-table-currency\">&#128;<\/span><span class=\"wpz-pricing-table-price-text\">2500<\/span><\/div>\n\t\t\t\t\t\t\t<div class=\"wpz-pricing-table-period\">net \/ 2 day shooting<\/div>\n\t\t\t\t\t\t\t\t<\/div>\n\n\t\t<div class=\"wpz-pricing-table-body\">\n\t\t\t\t\t\t\t<h3 class=\"wpz-pricing-table-features-title\">Features<\/h3>\n\t\t\t\n\t\t\t\t\t\t\t<ul class=\"wpz-pricing-table-features-list\">\n\t\t\t\t\t\t\t\t\t\t\t<li class=\"elementor-repeater-item-6e1a713\">\n\t\t\t\t\t\t\t<i class=\"fas fa-check\"><\/i>\t\t\t\t\t\t\t<div class=\"wpz-pricing-table-feature-text\">Joint scripting<\/div>\n\t\t\t\t\t\t<\/li>\n\t\t\t\t\t\t\t\t\t\t\t<li class=\"elementor-repeater-item-ec1ce84\">\n\t\t\t\t\t\t\t<i class=\"fas fa-check\"><\/i>\t\t\t\t\t\t\t<div class=\"wpz-pricing-table-feature-text\">2 shooting days<\/div>\n\t\t\t\t\t\t<\/li>\n\t\t\t\t\t\t\t\t\t\t\t<li class=\"elementor-repeater-item-3034774\">\n\t\t\t\t\t\t\t<i class=\"fas fa-check\"><\/i>\t\t\t\t\t\t\t<div class=\"wpz-pricing-table-feature-text\">Several locations (fees not included)<\/div>\n\t\t\t\t\t\t<\/li>\n\t\t\t\t\t\t\t\t\t\t\t<li class=\"elementor-repeater-item-6cf2524\">\n\t\t\t\t\t\t\t<i class=\"fas fa-check\"><\/i>\t\t\t\t\t\t\t<div class=\"wpz-pricing-table-feature-text\">Team 2-3 experienced people<\/div>\n\t\t\t\t\t\t<\/li>\n\t\t\t\t\t\t\t\t\t\t\t<li class=\"elementor-repeater-item-f8444b4\">\n\t\t\t\t\t\t\t<i class=\"fas fa-check\"><\/i>\t\t\t\t\t\t\t<div class=\"wpz-pricing-table-feature-text\">4K RAW camera with Leica lenses<\/div>\n\t\t\t\t\t\t<\/li>\n\t\t\t\t\t\t\t\t\t\t\t<li class=\"elementor-repeater-item-4d70f5b\">\n\t\t\t\t\t\t\t<i class=\"fas fa-check\"><\/i>\t\t\t\t\t\t\t<div class=\"wpz-pricing-table-feature-text\">Slider, gimbal, lights e.g. included<\/div>\n\t\t\t\t\t\t<\/li>\n\t\t\t\t\t\t\t\t\t\t\t<li class=\"elementor-repeater-item-d6b600c\">\n\t\t\t\t\t\t\t<i class=\"fas fa-check\"><\/i>\t\t\t\t\t\t\t<div class=\"wpz-pricing-table-feature-text\">Editing and color correction<\/div>\n\t\t\t\t\t\t<\/li>\n\t\t\t\t\t\t\t\t\t\t\t<li class=\"elementor-repeater-item-be11124\">\n\t\t\t\t\t\t\t<i class=\"fas fa-check\"><\/i>\t\t\t\t\t\t\t<div class=\"wpz-pricing-table-feature-text\">In Berlin and throughout Germany<\/div>\n\t\t\t\t\t\t<\/li>\n\t\t\t\t\t\t\t\t\t<\/ul>\n\t\t\t\t\t<\/div>\n\n\t\t\t\t\t<a class=\"wpz-pricing-table-btn\" href=\"https:\/\/www.youtube.com\/watch?v=o665CrMa_fg\" target=\"_blank\" rel=\"noopener\">Click here for an example<\/a>\n\t\t\n\t\t\t\t<\/div>\n\t\t\t\t<\/div>\n\t\t\t\t\t\t<\/div>\n\t\t\t\t\t<\/div>\n\t\t<\/div>\n\t\t\t\t<div class=\"elementor-column elementor-col-33 elementor-top-column elementor-element elementor-element-bda3286\" data-id=\"bda3286\" data-element_type=\"column\">\n\t\t\t<div class=\"elementor-column-wrap elementor-element-populated\">\n\t\t\t\t\t\t\t<div class=\"elementor-widget-wrap\">\n\t\t\t\t\t\t<div class=\"elementor-element elementor-element-32bc8d8 elementor-widget elementor-widget-wpzoom-elementor-addons-pricing-table\" data-id=\"32bc8d8\" data-element_type=\"widget\" data-widget_type=\"wpzoom-elementor-addons-pricing-table.default\">\n\t\t\t\t<div class=\"elementor-widget-container\">\n\t\t\t\n\t\t\n\t\t<div class=\"wpz-pricing-table-header\">\n\t\t\t\t\t\t\t<h2 class=\"wpz-pricing-table-title\">INDIVIDUAL MUSIC VIDEO<\/h2>\n\t\t\t\t\t<\/div>\n\t\t<div class=\"wpz-pricing-table-price\">\n\t\t\t<div class=\"wpz-pricing-table-price-tag\"><span class=\"wpz-pricing-table-currency\">&#128;<\/span><span class=\"wpz-pricing-table-price-text\">???<\/span><\/div>\n\t\t\t\t\t\t\t<div class=\"wpz-pricing-table-period\">Several shooting days<\/div>\n\t\t\t\t\t\t\t\t<\/div>\n\n\t\t<div class=\"wpz-pricing-table-body\">\n\t\t\t\t\t\t\t<h3 class=\"wpz-pricing-table-features-title\">Features<\/h3>\n\t\t\t\n\t\t\t\t\t\t\t<ul class=\"wpz-pricing-table-features-list\">\n\t\t\t\t\t\t\t\t\t\t\t<li class=\"elementor-repeater-item-6e1a713\">\n\t\t\t\t\t\t\t<i class=\"fas fa-check\"><\/i>\t\t\t\t\t\t\t<div class=\"wpz-pricing-table-feature-text\">Joint story development<\/div>\n\t\t\t\t\t\t<\/li>\n\t\t\t\t\t\t\t\t\t\t\t<li class=\"elementor-repeater-item-ec1ce84\">\n\t\t\t\t\t\t\t<i class=\"fas fa-check\"><\/i>\t\t\t\t\t\t\t<div class=\"wpz-pricing-table-feature-text\">Casting and locationscouting for sidestories<\/div>\n\t\t\t\t\t\t<\/li>\n\t\t\t\t\t\t\t\t\t\t\t<li class=\"elementor-repeater-item-3034774\">\n\t\t\t\t\t\t\t<i class=\"fas fa-check\"><\/i>\t\t\t\t\t\t\t<div class=\"wpz-pricing-table-feature-text\">Scalable team<\/div>\n\t\t\t\t\t\t<\/li>\n\t\t\t\t\t\t\t\t\t\t\t<li class=\"elementor-repeater-item-6cf2524\">\n\t\t\t\t\t\t\t<i class=\"fas fa-check\"><\/i>\t\t\t\t\t\t\t<div class=\"wpz-pricing-table-feature-text\">Animations \/ VFX \/SFX<\/div>\n\t\t\t\t\t\t<\/li>\n\t\t\t\t\t\t\t\t\t\t\t<li class=\"elementor-repeater-item-f8444b4\">\n\t\t\t\t\t\t\t<i class=\"fas fa-check\"><\/i>\t\t\t\t\t\t\t<div class=\"wpz-pricing-table-feature-text\">High End Film Equipment - anything goes<\/div>\n\t\t\t\t\t\t<\/li>\n\t\t\t\t\t\t\t\t\t\t\t<li class=\"elementor-repeater-item-4d70f5b\">\n\t\t\t\t\t\t\t<i class=\"fas fa-check\"><\/i>\t\t\t\t\t\t\t<div class=\"wpz-pricing-table-feature-text\">Gesamtes Netzwerk steht zur Verf\u00fcgung<\/div>\n\t\t\t\t\t\t<\/li>\n\t\t\t\t\t\t\t\t\t\t\t<li class=\"elementor-repeater-item-d6b600c\">\n\t\t\t\t\t\t\t<i class=\"fas fa-check\"><\/i>\t\t\t\t\t\t\t<div class=\"wpz-pricing-table-feature-text\">Production of packages is possible<\/div>\n\t\t\t\t\t\t<\/li>\n\t\t\t\t\t\t\t\t\t\t\t<li class=\"elementor-repeater-item-be11124\">\n\t\t\t\t\t\t\t<i class=\"fas fa-check\"><\/i>\t\t\t\t\t\t\t<div class=\"wpz-pricing-table-feature-text\">Worldwide<\/div>\n\t\t\t\t\t\t<\/li>\n\t\t\t\t\t\t\t\t\t<\/ul>\n\t\t\t\t\t<\/div>\n\n\t\t\t\t\t<a class=\"wpz-pricing-table-btn\" href=\"https:\/\/www.youtube.com\/watch?v=-J4AuEj4zHE\" target=\"_blank\" rel=\"noopener\">Click here for an example<\/a>\n\t\t\n\t\t\t\t<\/div>\n\t\t\t\t<\/div>\n\t\t\t\t\t\t<\/div>\n\t\t\t\t\t<\/div>\n\t\t<\/div>\n\t\t\t\t\t\t\t\t<\/div>\n\t\t\t\t\t<\/div>\n\t\t<\/section>\n\t\t\t\t<section class=\"elementor-section elementor-top-section elementor-element elementor-element-06ed085 elementor-section-height-min-height elementor-section-boxed elementor-section-height-default elementor-section-items-middle\" data-id=\"06ed085\" data-element_type=\"section\" data-settings=\"{&quot;background_background&quot;:&quot;video&quot;,&quot;background_video_link&quot;:&quot;https:\\\/\\\/www.youtube.com\\\/watch?v=M2SHXEIMwro&amp;feature=youtu.be&quot;}\">\n\t\t\t\t\t\t\t\t<div class=\"elementor-background-video-container elementor-hidden-phone\">\n\t\t\t\t\t\t\t\t\t\t\t\t\t<div class=\"elementor-background-video-embed\"><\/div>\n\t\t\t\t\t\t\t\t\t\t\t\t<\/div>\n\t\t\t\t\t\t\t\t<div class=\"elementor-container elementor-column-gap-default\">\n\t\t\t\t\t\t\t<div class=\"elementor-row\">\n\t\t\t\t\t<div class=\"elementor-column elementor-col-100 elementor-top-column elementor-element elementor-element-4ce8b49\" data-id=\"4ce8b49\" data-element_type=\"column\">\n\t\t\t<div class=\"elementor-column-wrap elementor-element-populated\">\n\t\t\t\t\t\t\t<div class=\"elementor-widget-wrap\">\n\t\t\t\t\t\t<div class=\"elementor-element elementor-element-ddf8ae6 animated-slow elementor-invisible elementor-widget elementor-widget-heading\" data-id=\"ddf8ae6\" data-element_type=\"widget\" data-settings=\"{&quot;_animation&quot;:&quot;zoomIn&quot;}\" data-widget_type=\"heading.default\">\n\t\t\t\t<div class=\"elementor-widget-container\">\n\t\t\t<h2 class=\"elementor-heading-title elementor-size-default\">CREATING MUSIC VIDEOS IS AN INTIMATE PROCESS\n<\/h2>\t\t<\/div>\n\t\t\t\t<\/div>\n\t\t\t\t\t\t<\/div>\n\t\t\t\t\t<\/div>\n\t\t<\/div>\n\t\t\t\t\t\t\t\t<\/div>\n\t\t\t\t\t<\/div>\n\t\t<\/section>\n\t\t\t\t<section class=\"elementor-section elementor-top-section elementor-element elementor-element-8ee2326 elementor-section-boxed elementor-section-height-default elementor-section-height-default\" data-id=\"8ee2326\" data-element_type=\"section\">\n\t\t\t\t\t\t<div class=\"elementor-container elementor-column-gap-default\">\n\t\t\t\t\t\t\t<div class=\"elementor-row\">\n\t\t\t\t\t<div class=\"elementor-column elementor-col-100 elementor-top-column elementor-element elementor-element-30ae129\" data-id=\"30ae129\" data-element_type=\"column\">\n\t\t\t<div class=\"elementor-column-wrap elementor-element-populated\">\n\t\t\t\t\t\t\t<div class=\"elementor-widget-wrap\">\n\t\t\t\t\t\t<div class=\"elementor-element elementor-element-30d5eda elementor-widget elementor-widget-spacer\" data-id=\"30d5eda\" data-element_type=\"widget\" data-widget_type=\"spacer.default\">\n\t\t\t\t<div class=\"elementor-widget-container\">\n\t\t\t\t\t<div class=\"elementor-spacer\">\n\t\t\t<div class=\"elementor-spacer-inner\"><\/div>\n\t\t<\/div>\n\t\t\t\t<\/div>\n\t\t\t\t<\/div>\n\t\t\t\t\t\t<\/div>\n\t\t\t\t\t<\/div>\n\t\t<\/div>\n\t\t\t\t\t\t\t\t<\/div>\n\t\t\t\t\t<\/div>\n\t\t<\/section>\n\t\t\t\t\t\t\t\t\t<\/div>\n\t\t\t<\/div>\n\t\t\t\t\t<\/div>","protected":false},"excerpt":{"rendered":"<p>&#8222;THIS VIDEO IS BETTER THAN A FULL-LENGTH FEATURE FILM! WHAT A STORY! WHAT A SONG! WHAT VOICES! BREATHTAKING.&#8220; Comment on our video for FAUN MUSIKVIDEO PRODUKTION F\u00fcr unsere Filmproduktion bedeutet die Realisierung eines Musikvideos mehr als ein paar sch\u00f6ne Bilder und Performance einzufangen. Wir verstehen ein Musikvideo nicht ausschlie\u00dflich als Ausdruck einer Marketingstrategie, sondern als authentischen visuellen Ausdruck der Pers\u00f6nlichkeit [&hellip;]<\/p>\n","protected":false},"author":2,"featured_media":0,"parent":0,"menu_order":0,"comment_status":"closed","ping_status":"closed","template":"page-templates\/full-width-transparent.php","meta":{"_exactmetrics_skip_tracking":false,"_exactmetrics_sitenote_active":false,"_exactmetrics_sitenote_note":"","_exactmetrics_sitenote_category":0,"footnotes":""},"class_list":["post-3267","page","type-page","status-publish","hentry"],"_links":{"self":[{"href":"https:\/\/silentfilm.de\/en\/wp-json\/wp\/v2\/pages\/3267","targetHints":{"allow":["GET"]}}],"collection":[{"href":"https:\/\/silentfilm.de\/en\/wp-json\/wp\/v2\/pages"}],"about":[{"href":"https:\/\/silentfilm.de\/en\/wp-json\/wp\/v2\/types\/page"}],"author":[{"embeddable":true,"href":"https:\/\/silentfilm.de\/en\/wp-json\/wp\/v2\/users\/2"}],"replies":[{"embeddable":true,"href":"https:\/\/silentfilm.de\/en\/wp-json\/wp\/v2\/comments?post=3267"}],"version-history":[{"count":62,"href":"https:\/\/silentfilm.de\/en\/wp-json\/wp\/v2\/pages\/3267\/revisions"}],"predecessor-version":[{"id":8157,"href":"https:\/\/silentfilm.de\/en\/wp-json\/wp\/v2\/pages\/3267\/revisions\/8157"}],"wp:attachment":[{"href":"https:\/\/silentfilm.de\/en\/wp-json\/wp\/v2\/media?parent=3267"}],"curies":[{"name":"wp","href":"https:\/\/api.w.org\/{rel}","templated":true}]}}