{"id":2584,"date":"2021-03-22T09:55:59","date_gmt":"2021-03-22T09:55:59","guid":{"rendered":"https:\/\/silentfilm.de\/?page_id=2584"},"modified":"2023-01-17T12:13:15","modified_gmt":"2023-01-17T12:13:15","slug":"news","status":"publish","type":"page","link":"https:\/\/silentfilm.de\/en\/news\/","title":{"rendered":""},"content":{"rendered":"\t\t<div data-elementor-type=\"wp-page\" data-elementor-id=\"2584\" class=\"elementor elementor-2584\">\n\t\t\t\t\t\t<div class=\"elementor-inner\">\n\t\t\t\t<div class=\"elementor-section-wrap\">\n\t\t\t\t\t\t\t\t\t<section class=\"elementor-section elementor-top-section elementor-element elementor-element-6684cee elementor-section-boxed elementor-section-height-default elementor-section-height-default\" data-id=\"6684cee\" data-element_type=\"section\">\n\t\t\t\t\t\t<div class=\"elementor-container elementor-column-gap-default\">\n\t\t\t\t\t\t\t<div class=\"elementor-row\">\n\t\t\t\t\t<div class=\"elementor-column elementor-col-100 elementor-top-column elementor-element elementor-element-c312c87\" data-id=\"c312c87\" data-element_type=\"column\">\n\t\t\t<div class=\"elementor-column-wrap elementor-element-populated\">\n\t\t\t\t\t\t\t<div class=\"elementor-widget-wrap\">\n\t\t\t\t\t\t<div class=\"elementor-element elementor-element-298392d elementor-widget elementor-widget-heading\" data-id=\"298392d\" data-element_type=\"widget\" data-widget_type=\"heading.default\">\n\t\t\t\t<div class=\"elementor-widget-container\">\n\t\t\t<h1 class=\"elementor-heading-title elementor-size-xl\">NEWS<\/h1>\t\t<\/div>\n\t\t\t\t<\/div>\n\t\t\t\t<div class=\"elementor-element elementor-element-0247312 elementor-grid-2 elementor-grid-tablet-2 elementor-grid-mobile-1 elementor-widget elementor-widget-wpzoom-elementor-addons-posts-grid\" data-id=\"0247312\" data-element_type=\"widget\" data-settings=\"{&quot;columns&quot;:&quot;2&quot;,&quot;columns_tablet&quot;:&quot;2&quot;,&quot;columns_mobile&quot;:&quot;1&quot;}\" data-widget_type=\"wpzoom-elementor-addons-posts-grid.default\">\n\t\t\t\t<div class=\"elementor-widget-container\">\n\t\t\t\t\t<div \n\t\t\tclass=\"wpz-grid\" \n\t\t\tdata-uid=\"0247312\"\n\t\t\tdata-offset=\"8\"\n\t\t\tdata-posts-grid='{\"posts_per_page\":8,\"post_status\":\"publish\",\"paged\":1,\"post__not_in\":[],\"ignore_sticky_posts\":true,\"category_name\":\"aktuelle-projekte\",\"orderby\":\"post_date\",\"order\":\"desc\",\"offset\":8,\"show_image\":\"yes\",\"post_thumbnail_size\":\"full\",\"show_title\":\"yes\",\"title_tag\":\"h3\",\"meta_data\":[\"date\",\"comments\"],\"show_excerpt\":\"yes\",\"excerpt_length\":60,\"show_read_more\":\"yes\",\"read_more_text\":\"Read More \\u00bb\",\"grid_style\":\"1\",\"total\":29}'>\n\t\t\t\t\t\t<div class=\"wpz-grid-container elementor-grid wpz-grid-desktop-2  wpz-grid-tablet-2  wpz-grid-mobile-1 \">\n\t\t\t\t\n        <article id=\"post-8308\" class=\"wpz-post post-8308 post type-post status-publish format-standard has-post-thumbnail hentry category-aktuelle-projekte\">\n         \n            <div class=\"post-grid-inner\">\n            \t\n            \t\t\t\t<div class=\"post-grid-thumbnail\">\n\t\t\t\t<a href=\"https:\/\/silentfilm.de\/en\/treatmentfoerderung-der-ffa-fuer-neuen-kinodokumentarfilm\/\" title=\"Treatmentf\u00f6rderung der FFA f\u00fcr neuen Kinodokumentarfilm\">\n\t\t\t\t\t<img decoding=\"async\" width=\"1920\" height=\"1080\" src=\"https:\/\/silentfilm.de\/wp-content\/uploads\/2025\/11\/west-berlin-100-1920x1080-1.jpg\" class=\"attachment-full size-full wp-post-image\" alt=\"\" srcset=\"https:\/\/silentfilm.de\/wp-content\/uploads\/2025\/11\/west-berlin-100-1920x1080-1.jpg 1920w, https:\/\/silentfilm.de\/wp-content\/uploads\/2025\/11\/west-berlin-100-1920x1080-1-300x169.jpg 300w, https:\/\/silentfilm.de\/wp-content\/uploads\/2025\/11\/west-berlin-100-1920x1080-1-1030x579.jpg 1030w, https:\/\/silentfilm.de\/wp-content\/uploads\/2025\/11\/west-berlin-100-1920x1080-1-768x432.jpg 768w, https:\/\/silentfilm.de\/wp-content\/uploads\/2025\/11\/west-berlin-100-1920x1080-1-1536x864.jpg 1536w, https:\/\/silentfilm.de\/wp-content\/uploads\/2025\/11\/west-berlin-100-1920x1080-1-18x10.jpg 18w, https:\/\/silentfilm.de\/wp-content\/uploads\/2025\/11\/west-berlin-100-1920x1080-1-1000x563.jpg 1000w, https:\/\/silentfilm.de\/wp-content\/uploads\/2025\/11\/west-berlin-100-1920x1080-1-1800x1013.jpg 1800w, https:\/\/silentfilm.de\/wp-content\/uploads\/2025\/11\/west-berlin-100-1920x1080-1-996x560.jpg 996w, https:\/\/silentfilm.de\/wp-content\/uploads\/2025\/11\/west-berlin-100-1920x1080-1-600x338.jpg 600w\" sizes=\"(max-width: 1920px) 100vw, 1920px\" \/>\t\t\t\t<\/a>\n\t\t\t<\/div>\n\t\t\n                <div class=\"post-grid-text-wrap\">\n               \t\t\t\t<h3 class=\"title\">\n\t\t\t<a href=\"https:\/\/silentfilm.de\/en\/treatmentfoerderung-der-ffa-fuer-neuen-kinodokumentarfilm\/\" title=\"Treatmentf\u00f6rderung der FFA f\u00fcr neuen Kinodokumentarfilm\">Treatmentf\u00f6rderung der FFA f\u00fcr neuen Kinodokumentarfilm<\/a>\n\t\t<\/h3>\n\t\t\t                \t\t<div class=\"post-grid-meta\">\n\t\t\t<span class=\"post-date\">November 25, 2025<\/span><span class=\"post-comments\">No Comments<\/span>\t\t<\/div>\n\t\t\t                <div class=\"post-grid-excerpt\"><p>Wir freuen uns wirklich sehr \u00fcber eine Treatmentf\u00f6rderung der FFA f\u00fcr unseren neuen Kinodokumentarfilms DIE MAUER DARF NICHT FALLEN (AT). Hier haben wir ein bisher noch nie bearbeitetes Thema ausgegraben: Eine kleine Gruppe t\u00fcrkischer Migranten beginnt in den 1980er Jahren, ein Doppelleben zwischen West- und Ost-Berlin aufzubauen. F\u00fcr sie bedeutet der Westen harte Arbeit, Ausgrenzung und ein Leben unter schwierigen&hellip;<\/p>\n<\/div>\t                <a class=\"read-more-btn\" href=\"https:\/\/silentfilm.de\/en\/treatmentfoerderung-der-ffa-fuer-neuen-kinodokumentarfilm\/\">Read More \u00bb<\/a>                <\/div>\n\n            <\/div><!-- .blog-inner -->\n           \n        <\/article>\n\n        \n        <article id=\"post-8300\" class=\"wpz-post post-8300 post type-post status-publish format-standard has-post-thumbnail hentry category-aktuelle-projekte\">\n         \n            <div class=\"post-grid-inner\">\n            \t\n            \t\t\t\t<div class=\"post-grid-thumbnail\">\n\t\t\t\t<a href=\"https:\/\/silentfilm.de\/en\/wir-drehen-eine-arte-360-grad-reportage-in-indien\/\" title=\"Wir drehen eine arte 360 Grad Reportage in Indien\">\n\t\t\t\t\t<img decoding=\"async\" width=\"2560\" height=\"1796\" src=\"https:\/\/silentfilm.de\/wp-content\/uploads\/2025\/10\/deccanherald_import_sites_dh_files_gallery_images_2021_10_08_PTI10_05_2021_000181B-scaled.jpg\" class=\"attachment-full size-full wp-post-image\" alt=\"\" srcset=\"https:\/\/silentfilm.de\/wp-content\/uploads\/2025\/10\/deccanherald_import_sites_dh_files_gallery_images_2021_10_08_PTI10_05_2021_000181B-scaled.jpg 2560w, https:\/\/silentfilm.de\/wp-content\/uploads\/2025\/10\/deccanherald_import_sites_dh_files_gallery_images_2021_10_08_PTI10_05_2021_000181B-300x211.jpg 300w, https:\/\/silentfilm.de\/wp-content\/uploads\/2025\/10\/deccanherald_import_sites_dh_files_gallery_images_2021_10_08_PTI10_05_2021_000181B-1030x723.jpg 1030w, https:\/\/silentfilm.de\/wp-content\/uploads\/2025\/10\/deccanherald_import_sites_dh_files_gallery_images_2021_10_08_PTI10_05_2021_000181B-768x539.jpg 768w, https:\/\/silentfilm.de\/wp-content\/uploads\/2025\/10\/deccanherald_import_sites_dh_files_gallery_images_2021_10_08_PTI10_05_2021_000181B-1536x1078.jpg 1536w, https:\/\/silentfilm.de\/wp-content\/uploads\/2025\/10\/deccanherald_import_sites_dh_files_gallery_images_2021_10_08_PTI10_05_2021_000181B-2048x1437.jpg 2048w, https:\/\/silentfilm.de\/wp-content\/uploads\/2025\/10\/deccanherald_import_sites_dh_files_gallery_images_2021_10_08_PTI10_05_2021_000181B-18x12.jpg 18w, https:\/\/silentfilm.de\/wp-content\/uploads\/2025\/10\/deccanherald_import_sites_dh_files_gallery_images_2021_10_08_PTI10_05_2021_000181B-2000x1403.jpg 2000w, https:\/\/silentfilm.de\/wp-content\/uploads\/2025\/10\/deccanherald_import_sites_dh_files_gallery_images_2021_10_08_PTI10_05_2021_000181B-1000x702.jpg 1000w, https:\/\/silentfilm.de\/wp-content\/uploads\/2025\/10\/deccanherald_import_sites_dh_files_gallery_images_2021_10_08_PTI10_05_2021_000181B-1800x1263.jpg 1800w, https:\/\/silentfilm.de\/wp-content\/uploads\/2025\/10\/deccanherald_import_sites_dh_files_gallery_images_2021_10_08_PTI10_05_2021_000181B-798x560.jpg 798w, https:\/\/silentfilm.de\/wp-content\/uploads\/2025\/10\/deccanherald_import_sites_dh_files_gallery_images_2021_10_08_PTI10_05_2021_000181B-600x421.jpg 600w\" sizes=\"(max-width: 2560px) 100vw, 2560px\" \/>\t\t\t\t<\/a>\n\t\t\t<\/div>\n\t\t\n                <div class=\"post-grid-text-wrap\">\n               \t\t\t\t<h3 class=\"title\">\n\t\t\t<a href=\"https:\/\/silentfilm.de\/en\/wir-drehen-eine-arte-360-grad-reportage-in-indien\/\" title=\"Wir drehen eine arte 360 Grad Reportage in Indien\">Wir drehen eine arte 360 Grad Reportage in Indien<\/a>\n\t\t<\/h3>\n\t\t\t                \t\t<div class=\"post-grid-meta\">\n\t\t\t<span class=\"post-date\">October 17, 2025<\/span><span class=\"post-comments\">No Comments<\/span>\t\t<\/div>\n\t\t\t                <div class=\"post-grid-excerpt\"><p>Nach unserer ersten Reportage letztes Jahr f\u00fcr das von uns hei\u00df geliebte 360 Grad Format bei arte freuen wir uns sehr \u00fcber die Zusage f\u00fcr eine neue Folge n\u00e4chstes Jahr. Dieses Mal geht es nach Kalkutta \/ Indien, wo unser Creative Director Heiko Aufdermauer schon vor 20 Jahren einen Film gedreht hat.\u00a0 Im Mittelpunkt steht dieses mal eine junge &#8222;Idolmakerin&#8220;&hellip;<\/p>\n<\/div>\t                <a class=\"read-more-btn\" href=\"https:\/\/silentfilm.de\/en\/wir-drehen-eine-arte-360-grad-reportage-in-indien\/\">Read More \u00bb<\/a>                <\/div>\n\n            <\/div><!-- .blog-inner -->\n           \n        <\/article>\n\n        \n        <article id=\"post-8221\" class=\"wpz-post post-8221 post type-post status-publish format-standard has-post-thumbnail hentry category-aktuelle-projekte tag-erklaervideo tag-imagefilm\">\n         \n            <div class=\"post-grid-inner\">\n            \t\n            \t\t\t\t<div class=\"post-grid-thumbnail\">\n\t\t\t\t<a href=\"https:\/\/silentfilm.de\/en\/wir-produzieren-videos-fuer-tink\/\" title=\"Wir produzieren Videos f\u00fcr TINK\">\n\t\t\t\t\t<img decoding=\"async\" width=\"1200\" height=\"675\" src=\"https:\/\/silentfilm.de\/wp-content\/uploads\/2025\/06\/c1a3b9f1f372-tink-hauptbild.png\" class=\"attachment-full size-full wp-post-image\" alt=\"\" srcset=\"https:\/\/silentfilm.de\/wp-content\/uploads\/2025\/06\/c1a3b9f1f372-tink-hauptbild.png 1200w, https:\/\/silentfilm.de\/wp-content\/uploads\/2025\/06\/c1a3b9f1f372-tink-hauptbild-300x169.png 300w, https:\/\/silentfilm.de\/wp-content\/uploads\/2025\/06\/c1a3b9f1f372-tink-hauptbild-1030x579.png 1030w, https:\/\/silentfilm.de\/wp-content\/uploads\/2025\/06\/c1a3b9f1f372-tink-hauptbild-768x432.png 768w, https:\/\/silentfilm.de\/wp-content\/uploads\/2025\/06\/c1a3b9f1f372-tink-hauptbild-18x10.png 18w, https:\/\/silentfilm.de\/wp-content\/uploads\/2025\/06\/c1a3b9f1f372-tink-hauptbild-1000x563.png 1000w, https:\/\/silentfilm.de\/wp-content\/uploads\/2025\/06\/c1a3b9f1f372-tink-hauptbild-996x560.png 996w, https:\/\/silentfilm.de\/wp-content\/uploads\/2025\/06\/c1a3b9f1f372-tink-hauptbild-600x338.png 600w\" sizes=\"(max-width: 1200px) 100vw, 1200px\" \/>\t\t\t\t<\/a>\n\t\t\t<\/div>\n\t\t\n                <div class=\"post-grid-text-wrap\">\n               \t\t\t\t<h3 class=\"title\">\n\t\t\t<a href=\"https:\/\/silentfilm.de\/en\/wir-produzieren-videos-fuer-tink\/\" title=\"Wir produzieren Videos f\u00fcr TINK\">Wir produzieren Videos f\u00fcr TINK<\/a>\n\t\t<\/h3>\n\t\t\t                \t\t<div class=\"post-grid-meta\">\n\t\t\t<span class=\"post-date\">June 11, 2025<\/span><span class=\"post-comments\">No Comments<\/span>\t\t<\/div>\n\t\t\t                <div class=\"post-grid-excerpt\"><p>Wir bespielen nun die Social Media Kan\u00e4le des Smart Home Experten Tink. Besonders Youtube versorgen wir regelm\u00e4\u00dfig mit moderat budgetierten Werbevideos und Produktvorstellungen. Interessant sind dabei die verschiedenen Ausspielm\u00f6glichkeiten (auf Insta, Youtube usw.), der Kontakt zu gro\u00dfen Kunden wie Amazon, Husqvarna und Nuki sowie eine Arbeit mit KI Bildgeneratoren. Hier ist die Herausforderung, das generierte Videomaterial m\u00f6glichst unauff\u00e4llig in einen&hellip;<\/p>\n<\/div>\t                <a class=\"read-more-btn\" href=\"https:\/\/silentfilm.de\/en\/wir-produzieren-videos-fuer-tink\/\">Read More \u00bb<\/a>                <\/div>\n\n            <\/div><!-- .blog-inner -->\n           \n        <\/article>\n\n        \n        <article id=\"post-8190\" class=\"wpz-post post-8190 post type-post status-publish format-standard has-post-thumbnail hentry category-aktuelle-projekte\">\n         \n            <div class=\"post-grid-inner\">\n            \t\n            \t\t\t\t<div class=\"post-grid-thumbnail\">\n\t\t\t\t<a href=\"https:\/\/silentfilm.de\/en\/ki-generiertes-musikvideo-in-planung\/\" title=\"KI generiertes Musikvideo in Planung\">\n\t\t\t\t\t<img decoding=\"async\" width=\"1176\" height=\"784\" src=\"https:\/\/silentfilm.de\/wp-content\/uploads\/2025\/05\/vlcsnap-2025-05-16-10h53m35s747.png\" class=\"attachment-full size-full wp-post-image\" alt=\"KI generiertes Bild f\u00fcr eine Musikvideoproduktion\" srcset=\"https:\/\/silentfilm.de\/wp-content\/uploads\/2025\/05\/vlcsnap-2025-05-16-10h53m35s747.png 1176w, https:\/\/silentfilm.de\/wp-content\/uploads\/2025\/05\/vlcsnap-2025-05-16-10h53m35s747-300x200.png 300w, https:\/\/silentfilm.de\/wp-content\/uploads\/2025\/05\/vlcsnap-2025-05-16-10h53m35s747-1030x687.png 1030w, https:\/\/silentfilm.de\/wp-content\/uploads\/2025\/05\/vlcsnap-2025-05-16-10h53m35s747-768x512.png 768w, https:\/\/silentfilm.de\/wp-content\/uploads\/2025\/05\/vlcsnap-2025-05-16-10h53m35s747-18x12.png 18w, https:\/\/silentfilm.de\/wp-content\/uploads\/2025\/05\/vlcsnap-2025-05-16-10h53m35s747-1000x667.png 1000w, https:\/\/silentfilm.de\/wp-content\/uploads\/2025\/05\/vlcsnap-2025-05-16-10h53m35s747-840x560.png 840w, https:\/\/silentfilm.de\/wp-content\/uploads\/2025\/05\/vlcsnap-2025-05-16-10h53m35s747-600x400.png 600w\" sizes=\"(max-width: 1176px) 100vw, 1176px\" \/>\t\t\t\t<\/a>\n\t\t\t<\/div>\n\t\t\n                <div class=\"post-grid-text-wrap\">\n               \t\t\t\t<h3 class=\"title\">\n\t\t\t<a href=\"https:\/\/silentfilm.de\/en\/ki-generiertes-musikvideo-in-planung\/\" title=\"KI generiertes Musikvideo in Planung\">KI generiertes Musikvideo in Planung<\/a>\n\t\t<\/h3>\n\t\t\t                \t\t<div class=\"post-grid-meta\">\n\t\t\t<span class=\"post-date\">May 16, 2025<\/span><span class=\"post-comments\">No Comments<\/span>\t\t<\/div>\n\t\t\t                <div class=\"post-grid-excerpt\"><p>Diesen Sommer drehen wir f\u00fcr die Singer Songwriterin TUBI ein teilweise KI generiertes Musikvideo, das jedoch immer realistisch aussehen wird &#8211; dennoch mit visuellen M\u00f6glichkeiten, die bisher nur Hollywoodstudios zur Verf\u00fcgung standen. So werden wir KI generierte, magische Totalen mit selbst produzierten Nahaufnahmen kombinieren. Bei allen berechtigten ethischen Vorbehalten &#8211; f\u00fcr uns als Filmproduzenten er\u00f6ffnet KI unfassbare M\u00f6glichkeiten, die wir&hellip;<\/p>\n<\/div>\t                <a class=\"read-more-btn\" href=\"https:\/\/silentfilm.de\/en\/ki-generiertes-musikvideo-in-planung\/\">Read More \u00bb<\/a>                <\/div>\n\n            <\/div><!-- .blog-inner -->\n           \n        <\/article>\n\n        \n        <article id=\"post-8071\" class=\"wpz-post post-8071 post type-post status-publish format-standard has-post-thumbnail hentry category-aktuelle-projekte category-allgemein-en\">\n         \n            <div class=\"post-grid-inner\">\n            \t\n            \t\t\t\t<div class=\"post-grid-thumbnail\">\n\t\t\t\t<a href=\"https:\/\/silentfilm.de\/en\/unser-film-fuer-die-internationalen-jugend-science-olympiaden-ist-online\/\" title=\"Unser Film f\u00fcr die Internationalen Jugend Science Olympiaden ist online\">\n\t\t\t\t\t<img decoding=\"async\" width=\"994\" height=\"715\" src=\"https:\/\/silentfilm.de\/wp-content\/uploads\/2025\/03\/IJSO-1.jpg\" class=\"attachment-full size-full wp-post-image\" alt=\"\" srcset=\"https:\/\/silentfilm.de\/wp-content\/uploads\/2025\/03\/IJSO-1.jpg 994w, https:\/\/silentfilm.de\/wp-content\/uploads\/2025\/03\/IJSO-1-300x216.jpg 300w, https:\/\/silentfilm.de\/wp-content\/uploads\/2025\/03\/IJSO-1-768x552.jpg 768w, https:\/\/silentfilm.de\/wp-content\/uploads\/2025\/03\/IJSO-1-18x12.jpg 18w, https:\/\/silentfilm.de\/wp-content\/uploads\/2025\/03\/IJSO-1-779x560.jpg 779w, https:\/\/silentfilm.de\/wp-content\/uploads\/2025\/03\/IJSO-1-600x432.jpg 600w\" sizes=\"(max-width: 994px) 100vw, 994px\" \/>\t\t\t\t<\/a>\n\t\t\t<\/div>\n\t\t\n                <div class=\"post-grid-text-wrap\">\n               \t\t\t\t<h3 class=\"title\">\n\t\t\t<a href=\"https:\/\/silentfilm.de\/en\/unser-film-fuer-die-internationalen-jugend-science-olympiaden-ist-online\/\" title=\"Unser Film f\u00fcr die Internationalen Jugend Science Olympiaden ist online\">Unser Film f\u00fcr die Internationalen Jugend Science Olympiaden ist online<\/a>\n\t\t<\/h3>\n\t\t\t                \t\t<div class=\"post-grid-meta\">\n\t\t\t<span class=\"post-date\">March 27, 2025<\/span><span class=\"post-comments\">No Comments<\/span>\t\t<\/div>\n\t\t\t                <div class=\"post-grid-excerpt\"><p>Die Internationalen Jugend Science Olympiaden sind weltweite Wettbewerbe, die talentierte Sch\u00fclerinnen und Sch\u00fcler in verschiedenen naturwissenschaftlichen Disziplinen f\u00f6rdern. Neben dem Wettbewerb stehen kultureller Austausch und wissenschaftliche Exzellenz im Mittelpunkt. Im September 2024 fand an der Leibniz Universit\u00e4t Hannover das Bundesfinale der Internationalen JuniorScienceOlympiade (IJSO) statt. 39 Sch\u00fclerinnen und Sch\u00fcler, die sich unter 3.700 Teilnehmenden qualifiziert hatten, stellten sich anspruchsvollen theoretischen&hellip;<\/p>\n<\/div>\t                <a class=\"read-more-btn\" href=\"https:\/\/silentfilm.de\/en\/unser-film-fuer-die-internationalen-jugend-science-olympiaden-ist-online\/\">Read More \u00bb<\/a>                <\/div>\n\n            <\/div><!-- .blog-inner -->\n           \n        <\/article>\n\n        \n        <article id=\"post-7994\" class=\"wpz-post post-7994 post type-post status-publish format-standard hentry category-aktuelle-projekte category-allgemein-en\">\n         \n            <div class=\"post-grid-inner\">\n            \t\n            \t\n                <div class=\"post-grid-text-wrap\">\n               \t\t\t\t<h3 class=\"title\">\n\t\t\t<a href=\"https:\/\/silentfilm.de\/en\/reportage-fuer-das-zdf-in-postproduktion\/\" title=\"Reportage f\u00fcr das ZDF in Postproduktion\">Reportage f\u00fcr das ZDF in Postproduktion<\/a>\n\t\t<\/h3>\n\t\t\t                \t\t<div class=\"post-grid-meta\">\n\t\t\t<span class=\"post-date\">April 26, 2024<\/span><span class=\"post-comments\">No Comments<\/span>\t\t<\/div>\n\t\t\t                <div class=\"post-grid-excerpt\"><p>Mit Sophie, der Hauptprotagonistin von BERLIN BYTCH LOVE, haben wir eine Reportage f\u00fcr das Format 37 Grad vom ZDF gedreht &#8211; gerade in Postproduktion. Im Fokus stehen dabei Sophies Erfahrungen rund um die Inobhutnahme ihres Sohnes Luca durch das Jugendamt. F\u00fcr alle Beteiligten eine schwer zu verarbeitende, aufw\u00fchlende Erfahrung&#8230;. bald zu sehen in der ZDF Mediathek!<\/p>\n<\/div>\t                <a class=\"read-more-btn\" href=\"https:\/\/silentfilm.de\/en\/reportage-fuer-das-zdf-in-postproduktion\/\">Read More \u00bb<\/a>                <\/div>\n\n            <\/div><!-- .blog-inner -->\n           \n        <\/article>\n\n        \n        <article id=\"post-7989\" class=\"wpz-post post-7989 post type-post status-publish format-standard hentry category-aktuelle-projekte category-allgemein-en\">\n         \n            <div class=\"post-grid-inner\">\n            \t\n            \t\n                <div class=\"post-grid-text-wrap\">\n               \t\t\t\t<h3 class=\"title\">\n\t\t\t<a href=\"https:\/\/silentfilm.de\/en\/bundesweiter-kinostart-von-berlin-bytch-love-am-29-2-2024\/\" title=\"Bundesweiter Kinostart von BERLIN BYTCH LOVE am 29.2.2024\">Bundesweiter Kinostart von BERLIN BYTCH LOVE am 29.2.2024<\/a>\n\t\t<\/h3>\n\t\t\t                \t\t<div class=\"post-grid-meta\">\n\t\t\t<span class=\"post-date\">January 16, 2024<\/span><span class=\"post-comments\">No Comments<\/span>\t\t<\/div>\n\t\t\t                <div class=\"post-grid-excerpt\"><p>Endlich ist es so weit und unser vielfach pr\u00e4mierter Dokumentarfilm \u00fcber ein jugendliches Liebespaar, das in Berlin auf der Stra\u00dfe gelebt hat, kommt bundesweit in die Kinos. Verliehen wird unser Film von UCM.ONE, die schon Kinohits wie LOVESTEAKS oder auch den von uns sehr gesch\u00e4tzten SEARCHING FOR EVA ins Kino gebracht haben. Wir freuen uns !<\/p>\n<\/div>\t                <a class=\"read-more-btn\" href=\"https:\/\/silentfilm.de\/en\/bundesweiter-kinostart-von-berlin-bytch-love-am-29-2-2024\/\">Read More \u00bb<\/a>                <\/div>\n\n            <\/div><!-- .blog-inner -->\n           \n        <\/article>\n\n        \n        <article id=\"post-7964\" class=\"wpz-post post-7964 post type-post status-publish format-standard hentry category-aktuelle-projekte\">\n         \n            <div class=\"post-grid-inner\">\n            \t\n            \t\n                <div class=\"post-grid-text-wrap\">\n               \t\t\t\t<h3 class=\"title\">\n\t\t\t<a href=\"https:\/\/silentfilm.de\/en\/reportage-fuer-arte-geo-in-bulgarien\/\" title=\"Reportage f\u00fcr ARTE \/ GEO in Bulgarien\">Reportage f\u00fcr ARTE \/ GEO in Bulgarien<\/a>\n\t\t<\/h3>\n\t\t\t                \t\t<div class=\"post-grid-meta\">\n\t\t\t<span class=\"post-date\">August 31, 2023<\/span><span class=\"post-comments\">No Comments<\/span>\t\t<\/div>\n\t\t\t                <div class=\"post-grid-excerpt\"><p>Unser Creative Director Heiko Aufdermauer wird n\u00e4chstes Jahr eine der renommierten GEO 360 Grad Reportagen f\u00fcr Medienkontor \/ arte drehen. Thema ist ein in den Rhodopen gelegenes Bergdorf in Bulgarien, das seinem eigenen Untergang trotzt. Von ehemals 900 Bewohner:innen sind nur noch 60 \u00fcbrig. Es gibt keine Schule mehr, viele H\u00e4user stehen leer und die alten Bergpfade wachsen zu. Dennoch&hellip;<\/p>\n<\/div>\t                <a class=\"read-more-btn\" href=\"https:\/\/silentfilm.de\/en\/reportage-fuer-arte-geo-in-bulgarien\/\">Read More \u00bb<\/a>                <\/div>\n\n            <\/div><!-- .blog-inner -->\n           \n        <\/article>\n\n        \t\t\t<\/div>\n\n\t\t\t\t\t\t\t\t\t\t<div class=\"wpz-posts-grid-load-more\">\n\t\t\t\t\t<a href=\"#\" class=\"wpz-posts-grid-load-more-btn btn\">Load More<\/a>\n\t\t\t\t<\/div>\n\t\t\t\t<input type=\"hidden\" id=\"wpz_posts_grid_load_more0247312\" name=\"wpz_posts_grid_load_more0247312\" value=\"515e1b3dd0\" \/><input type=\"hidden\" name=\"_wp_http_referer\" value=\"\/en\/wp-json\/wp\/v2\/pages\/2584\" \/>\t\t\t\t\t\n\t\t<\/div><!-- \/\/.wpz-grid -->\n\t\t\t\t<\/div>\n\t\t\t\t<\/div>\n\t\t\t\t\t\t<\/div>\n\t\t\t\t\t<\/div>\n\t\t<\/div>\n\t\t\t\t\t\t\t\t<\/div>\n\t\t\t\t\t<\/div>\n\t\t<\/section>\n\t\t\t\t\t\t\t\t\t<\/div>\n\t\t\t<\/div>\n\t\t\t\t\t<\/div>\n\t\t","protected":false},"excerpt":{"rendered":"<p>NEWS BERLIN BYTCH LOVE gewinnt Preis f\u00fcr den besten Dokumentarfilm \/ DOC.Berlin December 16, 2022No Comments &nbsp; Wir freuen uns sehr \u00fcber den Preis f\u00fcr den besten abendf\u00fcllenden Dokumentarfilm f\u00fcr BERLIN BYTCH LOVE auf dem DOC.Berlin Festival im Babylon Kino. Vielen Dank an die Tarkovski Foundation f\u00fcr die vielen Wege, die sie uns damit er\u00f6ffnen. Doc.Berlin is part of Doc.World, [&hellip;]<\/p>\n","protected":false},"author":2,"featured_media":0,"parent":0,"menu_order":0,"comment_status":"closed","ping_status":"closed","template":"","meta":{"_exactmetrics_skip_tracking":false,"_exactmetrics_sitenote_active":false,"_exactmetrics_sitenote_note":"","_exactmetrics_sitenote_category":0,"footnotes":""},"class_list":["post-2584","page","type-page","status-publish","hentry"],"_links":{"self":[{"href":"https:\/\/silentfilm.de\/en\/wp-json\/wp\/v2\/pages\/2584","targetHints":{"allow":["GET"]}}],"collection":[{"href":"https:\/\/silentfilm.de\/en\/wp-json\/wp\/v2\/pages"}],"about":[{"href":"https:\/\/silentfilm.de\/en\/wp-json\/wp\/v2\/types\/page"}],"author":[{"embeddable":true,"href":"https:\/\/silentfilm.de\/en\/wp-json\/wp\/v2\/users\/2"}],"replies":[{"embeddable":true,"href":"https:\/\/silentfilm.de\/en\/wp-json\/wp\/v2\/comments?post=2584"}],"version-history":[{"count":17,"href":"https:\/\/silentfilm.de\/en\/wp-json\/wp\/v2\/pages\/2584\/revisions"}],"predecessor-version":[{"id":7697,"href":"https:\/\/silentfilm.de\/en\/wp-json\/wp\/v2\/pages\/2584\/revisions\/7697"}],"wp:attachment":[{"href":"https:\/\/silentfilm.de\/en\/wp-json\/wp\/v2\/media?parent=2584"}],"curies":[{"name":"wp","href":"https:\/\/api.w.org\/{rel}","templated":true}]}}